{"id":12639,"date":"2025-04-27T08:40:15","date_gmt":"2025-04-27T06:40:15","guid":{"rendered":"https:\/\/domlabs.bio\/produit\/soin-protecteur-cheveux-contre-les-uv\/"},"modified":"2025-08-10T19:48:54","modified_gmt":"2025-08-10T17:48:54","slug":"uv-sun-hair-care-protection","status":"publish","type":"product","link":"https:\/\/domlabs.bio\/eng\/produit\/soin-protecteur-cheveux-contre-les-uv\/","title":{"rendered":"UV sun hair care protection"},"content":{"rendered":"<p>Our anti-UV hair care products protect the hair fiber from damage caused by the sun, salt and chlorine. Formulated to strengthen, moisturize and preserve the shine of exposed hair, they are ideal for summer and sun-filled days.<\/p>","protected":false},"excerpt":{"rendered":"<p>This protective hair care product is designed to protect hair fibers from sun and environmental damage.<\/p>","protected":false},"featured_media":12415,"comment_status":"open","ping_status":"closed","template":"","meta":{"_joinchat":[]},"product_brand":[],"product_cat":[1727],"product_tag":[],"class_list":{"0":"post-12639","1":"product","2":"type-product","3":"status-publish","4":"has-post-thumbnail","6":"product_cat-solaires-apres-solaires","8":"first","9":"instock","10":"taxable","11":"shipping-taxable","12":"purchasable","13":"product-type-simple"},"yoast_head":"<!-- This site is optimized with the Yoast SEO Premium plugin v27.2 (Yoast SEO v27.5) - https:\/\/yoast.com\/product\/yoast-seo-premium-wordpress\/ -->\n<title>Soin protecteur cheveux contre les UV - D\u00d4M LABS<\/title>\n<meta name=\"description\" content=\"D\u00d4M LABS Pour prot\u00e9ger vos cheveux des agressions li\u00e9es au soleil, au sel et au chlore, optez pour nos soins capillaires anti-UV.\" \/>\n<meta name=\"robots\" content=\"index, follow, max-snippet:-1, max-image-preview:large, max-video-preview:-1\" \/>\n<link rel=\"canonical\" href=\"https:\/\/domlabs.bio\/eng\/product-2\/uv-sun-hair-care-protection\/\" \/>\n<meta property=\"og:locale\" content=\"en_US\" \/>\n<meta property=\"og:type\" content=\"article\" \/>\n<meta property=\"og:title\" content=\"Soin protecteur cheveux contre les UV\" \/>\n<meta property=\"og:description\" content=\"D\u00d4M LABS Pour prot\u00e9ger vos cheveux des agressions li\u00e9es au soleil, au sel et au chlore, optez pour nos soins capillaires anti-UV.\" \/>\n<meta property=\"og:url\" content=\"https:\/\/domlabs.bio\/eng\/product-2\/uv-sun-hair-care-protection\/\" \/>\n<meta property=\"og:site_name\" content=\"D\u00d4M LABS\" \/>\n<meta property=\"article:publisher\" content=\"https:\/\/www.facebook.com\/domlabslaboratoire\" \/>\n<meta property=\"article:modified_time\" content=\"2025-08-10T17:48:54+00:00\" \/>\n<meta property=\"og:image\" content=\"https:\/\/domlabs.bio\/wp-content\/uploads\/2020\/05\/Tube.jpg\" \/>\n\t<meta property=\"og:image:width\" content=\"1920\" \/>\n\t<meta property=\"og:image:height\" content=\"1441\" \/>\n\t<meta property=\"og:image:type\" content=\"image\/jpeg\" \/>\n<meta name=\"twitter:card\" content=\"summary_large_image\" \/>\n<script type=\"application\/ld+json\" class=\"yoast-schema-graph\">{\"@context\":\"https:\\\/\\\/schema.org\",\"@graph\":[{\"@type\":\"WebPage\",\"@id\":\"https:\\\/\\\/domlabs.bio\\\/produit\\\/soin-protecteur-cheveux-contre-les-uv\\\/\",\"url\":\"https:\\\/\\\/domlabs.bio\\\/produit\\\/soin-protecteur-cheveux-contre-les-uv\\\/\",\"name\":\"Soin protecteur cheveux contre les UV - D\u00d4M LABS\",\"isPartOf\":{\"@id\":\"https:\\\/\\\/domlabs.bio\\\/#website\"},\"primaryImageOfPage\":{\"@id\":\"https:\\\/\\\/domlabs.bio\\\/produit\\\/soin-protecteur-cheveux-contre-les-uv\\\/#primaryimage\"},\"image\":{\"@id\":\"https:\\\/\\\/domlabs.bio\\\/produit\\\/soin-protecteur-cheveux-contre-les-uv\\\/#primaryimage\"},\"thumbnailUrl\":\"https:\\\/\\\/domlabs.bio\\\/wp-content\\\/uploads\\\/2020\\\/05\\\/Tube.jpg\",\"datePublished\":\"2025-04-27T06:40:15+00:00\",\"dateModified\":\"2025-08-10T17:48:54+00:00\",\"description\":\"D\u00d4M LABS Pour prot\u00e9ger vos cheveux des agressions li\u00e9es au soleil, au sel et au chlore, optez pour nos soins capillaires anti-UV.\",\"breadcrumb\":{\"@id\":\"https:\\\/\\\/domlabs.bio\\\/produit\\\/soin-protecteur-cheveux-contre-les-uv\\\/#breadcrumb\"},\"inLanguage\":\"en-US\",\"potentialAction\":[{\"@type\":\"ReadAction\",\"target\":[\"https:\\\/\\\/domlabs.bio\\\/produit\\\/soin-protecteur-cheveux-contre-les-uv\\\/\"]}]},{\"@type\":\"ImageObject\",\"inLanguage\":\"en-US\",\"@id\":\"https:\\\/\\\/domlabs.bio\\\/produit\\\/soin-protecteur-cheveux-contre-les-uv\\\/#primaryimage\",\"url\":\"https:\\\/\\\/domlabs.bio\\\/wp-content\\\/uploads\\\/2020\\\/05\\\/Tube.jpg\",\"contentUrl\":\"https:\\\/\\\/domlabs.bio\\\/wp-content\\\/uploads\\\/2020\\\/05\\\/Tube.jpg\",\"width\":1920,\"height\":1441},{\"@type\":\"BreadcrumbList\",\"@id\":\"https:\\\/\\\/domlabs.bio\\\/produit\\\/soin-protecteur-cheveux-contre-les-uv\\\/#breadcrumb\",\"itemListElement\":[{\"@type\":\"ListItem\",\"position\":1,\"name\":\"Accueil\",\"item\":\"https:\\\/\\\/domlabs.bio\\\/\"},{\"@type\":\"ListItem\",\"position\":2,\"name\":\"Boutique Bio | D\u00e9couvrez D\u00d4M LABS\",\"item\":\"https:\\\/\\\/domlabs.bio\\\/boutique-bio\\\/\"},{\"@type\":\"ListItem\",\"position\":3,\"name\":\"Soin protecteur cheveux contre les UV\"}]},{\"@type\":\"WebSite\",\"@id\":\"https:\\\/\\\/domlabs.bio\\\/#website\",\"url\":\"https:\\\/\\\/domlabs.bio\\\/\",\"name\":\"D\u00d4M LABS\",\"description\":\"Cr\u00e9er votre marque cosm\u00e9tique !\",\"publisher\":{\"@id\":\"https:\\\/\\\/domlabs.bio\\\/#organization\"},\"potentialAction\":[{\"@type\":\"SearchAction\",\"target\":{\"@type\":\"EntryPoint\",\"urlTemplate\":\"https:\\\/\\\/domlabs.bio\\\/?s={search_term_string}\"},\"query-input\":{\"@type\":\"PropertyValueSpecification\",\"valueRequired\":true,\"valueName\":\"search_term_string\"}}],\"inLanguage\":\"en-US\"},{\"@type\":\"Organization\",\"@id\":\"https:\\\/\\\/domlabs.bio\\\/#organization\",\"name\":\"D\u00d4M LABS\",\"url\":\"https:\\\/\\\/domlabs.bio\\\/\",\"logo\":{\"@type\":\"ImageObject\",\"inLanguage\":\"en-US\",\"@id\":\"https:\\\/\\\/domlabs.bio\\\/#\\\/schema\\\/logo\\\/image\\\/\",\"url\":\"https:\\\/\\\/domlabs.bio\\\/wp-content\\\/uploads\\\/2018\\\/12\\\/new-logo-dom.png\",\"contentUrl\":\"https:\\\/\\\/domlabs.bio\\\/wp-content\\\/uploads\\\/2018\\\/12\\\/new-logo-dom.png\",\"width\":826,\"height\":826,\"caption\":\"D\u00d4M LABS\"},\"image\":{\"@id\":\"https:\\\/\\\/domlabs.bio\\\/#\\\/schema\\\/logo\\\/image\\\/\"},\"sameAs\":[\"https:\\\/\\\/www.facebook.com\\\/domlabslaboratoire\",\"https:\\\/\\\/www.instagram.com\\\/dom_labs\\\/\"]}]}<\/script>\n<!-- \/ Yoast SEO Premium plugin. -->","yoast_head_json":{"title":"UV sun hair care protection - D\u00d4M LABS","description":"D\u00d4M LABS To protect your hair from damage caused by the sun, salt and chlorine, choose our anti-UV hair care products.","robots":{"index":"index","follow":"follow","max-snippet":"max-snippet:-1","max-image-preview":"max-image-preview:large","max-video-preview":"max-video-preview:-1"},"canonical":"https:\/\/domlabs.bio\/eng\/product-2\/uv-sun-hair-care-protection\/","og_locale":"en_US","og_type":"article","og_title":"Soin protecteur cheveux contre les UV","og_description":"D\u00d4M LABS Pour prot\u00e9ger vos cheveux des agressions li\u00e9es au soleil, au sel et au chlore, optez pour nos soins capillaires anti-UV.","og_url":"https:\/\/domlabs.bio\/eng\/product-2\/uv-sun-hair-care-protection\/","og_site_name":"D\u00d4M LABS","article_publisher":"https:\/\/www.facebook.com\/domlabslaboratoire","article_modified_time":"2025-08-10T17:48:54+00:00","og_image":[{"width":1920,"height":1441,"url":"https:\/\/domlabs.bio\/wp-content\/uploads\/2020\/05\/Tube.jpg","type":"image\/jpeg"}],"twitter_card":"summary_large_image","schema":{"@context":"https:\/\/schema.org","@graph":[{"@type":"WebPage","@id":"https:\/\/domlabs.bio\/produit\/soin-protecteur-cheveux-contre-les-uv\/","url":"https:\/\/domlabs.bio\/produit\/soin-protecteur-cheveux-contre-les-uv\/","name":"UV sun hair care protection - D\u00d4M LABS","isPartOf":{"@id":"https:\/\/domlabs.bio\/#website"},"primaryImageOfPage":{"@id":"https:\/\/domlabs.bio\/produit\/soin-protecteur-cheveux-contre-les-uv\/#primaryimage"},"image":{"@id":"https:\/\/domlabs.bio\/produit\/soin-protecteur-cheveux-contre-les-uv\/#primaryimage"},"thumbnailUrl":"https:\/\/domlabs.bio\/wp-content\/uploads\/2020\/05\/Tube.jpg","datePublished":"2025-04-27T06:40:15+00:00","dateModified":"2025-08-10T17:48:54+00:00","description":"D\u00d4M LABS To protect your hair from damage caused by the sun, salt and chlorine, choose our anti-UV hair care products.","breadcrumb":{"@id":"https:\/\/domlabs.bio\/produit\/soin-protecteur-cheveux-contre-les-uv\/#breadcrumb"},"inLanguage":"en-US","potentialAction":[{"@type":"ReadAction","target":["https:\/\/domlabs.bio\/produit\/soin-protecteur-cheveux-contre-les-uv\/"]}]},{"@type":"ImageObject","inLanguage":"en-US","@id":"https:\/\/domlabs.bio\/produit\/soin-protecteur-cheveux-contre-les-uv\/#primaryimage","url":"https:\/\/domlabs.bio\/wp-content\/uploads\/2020\/05\/Tube.jpg","contentUrl":"https:\/\/domlabs.bio\/wp-content\/uploads\/2020\/05\/Tube.jpg","width":1920,"height":1441},{"@type":"BreadcrumbList","@id":"https:\/\/domlabs.bio\/produit\/soin-protecteur-cheveux-contre-les-uv\/#breadcrumb","itemListElement":[{"@type":"ListItem","position":1,"name":"Accueil","item":"https:\/\/domlabs.bio\/"},{"@type":"ListItem","position":2,"name":"Boutique Bio | D\u00e9couvrez D\u00d4M LABS","item":"https:\/\/domlabs.bio\/boutique-bio\/"},{"@type":"ListItem","position":3,"name":"Soin protecteur cheveux contre les UV"}]},{"@type":"WebSite","@id":"https:\/\/domlabs.bio\/#website","url":"https:\/\/domlabs.bio\/","name":"D\u00d4M LABS","description":"Create your cosmetic brand !","publisher":{"@id":"https:\/\/domlabs.bio\/#organization"},"potentialAction":[{"@type":"SearchAction","target":{"@type":"EntryPoint","urlTemplate":"https:\/\/domlabs.bio\/?s={search_term_string}"},"query-input":{"@type":"PropertyValueSpecification","valueRequired":true,"valueName":"search_term_string"}}],"inLanguage":"en-US"},{"@type":"Organization","@id":"https:\/\/domlabs.bio\/#organization","name":"D\u00d4M LABS","url":"https:\/\/domlabs.bio\/","logo":{"@type":"ImageObject","inLanguage":"en-US","@id":"https:\/\/domlabs.bio\/#\/schema\/logo\/image\/","url":"https:\/\/domlabs.bio\/wp-content\/uploads\/2018\/12\/new-logo-dom.png","contentUrl":"https:\/\/domlabs.bio\/wp-content\/uploads\/2018\/12\/new-logo-dom.png","width":826,"height":826,"caption":"D\u00d4M LABS"},"image":{"@id":"https:\/\/domlabs.bio\/#\/schema\/logo\/image\/"},"sameAs":["https:\/\/www.facebook.com\/domlabslaboratoire","https:\/\/www.instagram.com\/dom_labs\/"]}]}},"_links":{"self":[{"href":"https:\/\/domlabs.bio\/eng\/wp-json\/wp\/v2\/product\/12639","targetHints":{"allow":["GET"]}}],"collection":[{"href":"https:\/\/domlabs.bio\/eng\/wp-json\/wp\/v2\/product"}],"about":[{"href":"https:\/\/domlabs.bio\/eng\/wp-json\/wp\/v2\/types\/product"}],"replies":[{"embeddable":true,"href":"https:\/\/domlabs.bio\/eng\/wp-json\/wp\/v2\/comments?post=12639"}],"version-history":[{"count":3,"href":"https:\/\/domlabs.bio\/eng\/wp-json\/wp\/v2\/product\/12639\/revisions"}],"predecessor-version":[{"id":13753,"href":"https:\/\/domlabs.bio\/eng\/wp-json\/wp\/v2\/product\/12639\/revisions\/13753"}],"wp:featuredmedia":[{"embeddable":true,"href":"https:\/\/domlabs.bio\/eng\/wp-json\/wp\/v2\/media\/12415"}],"wp:attachment":[{"href":"https:\/\/domlabs.bio\/eng\/wp-json\/wp\/v2\/media?parent=12639"}],"wp:term":[{"taxonomy":"product_brand","embeddable":true,"href":"https:\/\/domlabs.bio\/eng\/wp-json\/wp\/v2\/product_brand?post=12639"},{"taxonomy":"product_cat","embeddable":true,"href":"https:\/\/domlabs.bio\/eng\/wp-json\/wp\/v2\/product_cat?post=12639"},{"taxonomy":"product_tag","embeddable":true,"href":"https:\/\/domlabs.bio\/eng\/wp-json\/wp\/v2\/product_tag?post=12639"}],"curies":[{"name":"wp","href":"https:\/\/api.w.org\/{rel}","templated":true}]}}