{"id":12632,"date":"2025-04-27T08:40:08","date_gmt":"2025-04-27T06:40:08","guid":{"rendered":"https:\/\/domlabs.bio\/produit\/lingettes-nettoyantes-visage-corps\/"},"modified":"2025-08-10T13:56:38","modified_gmt":"2025-08-10T11:56:38","slug":"face-body-cleansing-wipes","status":"publish","type":"product","link":"https:\/\/domlabs.bio\/eng\/produit\/lingettes-nettoyantes-visage-corps\/","title":{"rendered":"Face\/body cleansing wipes"},"content":{"rendered":"<p>Our face and body cleansing wipes make it easy to refresh, cleanse and remove makeup. Suitable for all skin types, they offer comfort, effectiveness and gentleness even when you are on the go.<\/p>","protected":false},"excerpt":{"rendered":"<p>Handy, gentle cleansing wipes for the face and body, anytime of day.<\/p>","protected":false},"featured_media":13030,"comment_status":"open","ping_status":"closed","template":"","meta":{"_joinchat":[]},"product_brand":[],"product_cat":[1726],"product_tag":[],"class_list":{"0":"post-12632","1":"product","2":"type-product","3":"status-publish","4":"has-post-thumbnail","6":"product_cat-hygiene-intimite","8":"first","9":"instock","10":"taxable","11":"shipping-taxable","12":"purchasable","13":"product-type-simple"},"yoast_head":"<!-- This site is optimized with the Yoast SEO Premium plugin v27.2 (Yoast SEO v27.5) - https:\/\/yoast.com\/product\/yoast-seo-premium-wordpress\/ -->\n<title>Lingettes nettoyantes visage\/corps - D\u00d4M LABS<\/title>\n<meta name=\"description\" content=\"D\u00d4M LABS Rafra\u00eechissez-vous et d\u00e9maquillez-vous en toute simplicit\u00e9 avec nos lingettes nettoyantes visage et corps au format pratique.\" \/>\n<meta name=\"robots\" content=\"index, follow, max-snippet:-1, max-image-preview:large, max-video-preview:-1\" \/>\n<link rel=\"canonical\" href=\"https:\/\/domlabs.bio\/eng\/product-2\/face-body-cleansing-wipes\/\" \/>\n<meta property=\"og:locale\" content=\"en_US\" \/>\n<meta property=\"og:type\" content=\"article\" \/>\n<meta property=\"og:title\" content=\"Lingettes nettoyantes visage\/corps\" \/>\n<meta property=\"og:description\" content=\"D\u00d4M LABS Rafra\u00eechissez-vous et d\u00e9maquillez-vous en toute simplicit\u00e9 avec nos lingettes nettoyantes visage et corps au format pratique.\" \/>\n<meta property=\"og:url\" content=\"https:\/\/domlabs.bio\/eng\/product-2\/face-body-cleansing-wipes\/\" \/>\n<meta property=\"og:site_name\" content=\"D\u00d4M LABS\" \/>\n<meta property=\"article:publisher\" content=\"https:\/\/www.facebook.com\/domlabslaboratoire\" \/>\n<meta property=\"article:modified_time\" content=\"2025-08-10T11:56:38+00:00\" \/>\n<meta property=\"og:image\" content=\"https:\/\/domlabs.bio\/wp-content\/uploads\/2025\/04\/Produit-9.jpg\" \/>\n\t<meta property=\"og:image:width\" content=\"1441\" \/>\n\t<meta property=\"og:image:height\" content=\"1920\" \/>\n\t<meta property=\"og:image:type\" content=\"image\/jpeg\" \/>\n<meta name=\"twitter:card\" content=\"summary_large_image\" \/>\n<script type=\"application\/ld+json\" class=\"yoast-schema-graph\">{\"@context\":\"https:\\\/\\\/schema.org\",\"@graph\":[{\"@type\":\"WebPage\",\"@id\":\"https:\\\/\\\/domlabs.bio\\\/produit\\\/lingettes-nettoyantes-visage-corps\\\/\",\"url\":\"https:\\\/\\\/domlabs.bio\\\/produit\\\/lingettes-nettoyantes-visage-corps\\\/\",\"name\":\"Lingettes nettoyantes visage\\\/corps - D\u00d4M LABS\",\"isPartOf\":{\"@id\":\"https:\\\/\\\/domlabs.bio\\\/#website\"},\"primaryImageOfPage\":{\"@id\":\"https:\\\/\\\/domlabs.bio\\\/produit\\\/lingettes-nettoyantes-visage-corps\\\/#primaryimage\"},\"image\":{\"@id\":\"https:\\\/\\\/domlabs.bio\\\/produit\\\/lingettes-nettoyantes-visage-corps\\\/#primaryimage\"},\"thumbnailUrl\":\"https:\\\/\\\/domlabs.bio\\\/wp-content\\\/uploads\\\/2025\\\/04\\\/Produit-9.jpg\",\"datePublished\":\"2025-04-27T06:40:08+00:00\",\"dateModified\":\"2025-08-10T11:56:38+00:00\",\"description\":\"D\u00d4M LABS Rafra\u00eechissez-vous et d\u00e9maquillez-vous en toute simplicit\u00e9 avec nos lingettes nettoyantes visage et corps au format pratique.\",\"breadcrumb\":{\"@id\":\"https:\\\/\\\/domlabs.bio\\\/produit\\\/lingettes-nettoyantes-visage-corps\\\/#breadcrumb\"},\"inLanguage\":\"en-US\",\"potentialAction\":[{\"@type\":\"ReadAction\",\"target\":[\"https:\\\/\\\/domlabs.bio\\\/produit\\\/lingettes-nettoyantes-visage-corps\\\/\"]}]},{\"@type\":\"ImageObject\",\"inLanguage\":\"en-US\",\"@id\":\"https:\\\/\\\/domlabs.bio\\\/produit\\\/lingettes-nettoyantes-visage-corps\\\/#primaryimage\",\"url\":\"https:\\\/\\\/domlabs.bio\\\/wp-content\\\/uploads\\\/2025\\\/04\\\/Produit-9.jpg\",\"contentUrl\":\"https:\\\/\\\/domlabs.bio\\\/wp-content\\\/uploads\\\/2025\\\/04\\\/Produit-9.jpg\",\"width\":1441,\"height\":1920},{\"@type\":\"BreadcrumbList\",\"@id\":\"https:\\\/\\\/domlabs.bio\\\/produit\\\/lingettes-nettoyantes-visage-corps\\\/#breadcrumb\",\"itemListElement\":[{\"@type\":\"ListItem\",\"position\":1,\"name\":\"Accueil\",\"item\":\"https:\\\/\\\/domlabs.bio\\\/\"},{\"@type\":\"ListItem\",\"position\":2,\"name\":\"Boutique Bio | D\u00e9couvrez D\u00d4M LABS\",\"item\":\"https:\\\/\\\/domlabs.bio\\\/boutique-bio\\\/\"},{\"@type\":\"ListItem\",\"position\":3,\"name\":\"Lingettes nettoyantes visage\\\/corps\"}]},{\"@type\":\"WebSite\",\"@id\":\"https:\\\/\\\/domlabs.bio\\\/#website\",\"url\":\"https:\\\/\\\/domlabs.bio\\\/\",\"name\":\"D\u00d4M LABS\",\"description\":\"Cr\u00e9er votre marque cosm\u00e9tique !\",\"publisher\":{\"@id\":\"https:\\\/\\\/domlabs.bio\\\/#organization\"},\"potentialAction\":[{\"@type\":\"SearchAction\",\"target\":{\"@type\":\"EntryPoint\",\"urlTemplate\":\"https:\\\/\\\/domlabs.bio\\\/?s={search_term_string}\"},\"query-input\":{\"@type\":\"PropertyValueSpecification\",\"valueRequired\":true,\"valueName\":\"search_term_string\"}}],\"inLanguage\":\"en-US\"},{\"@type\":\"Organization\",\"@id\":\"https:\\\/\\\/domlabs.bio\\\/#organization\",\"name\":\"D\u00d4M LABS\",\"url\":\"https:\\\/\\\/domlabs.bio\\\/\",\"logo\":{\"@type\":\"ImageObject\",\"inLanguage\":\"en-US\",\"@id\":\"https:\\\/\\\/domlabs.bio\\\/#\\\/schema\\\/logo\\\/image\\\/\",\"url\":\"https:\\\/\\\/domlabs.bio\\\/wp-content\\\/uploads\\\/2018\\\/12\\\/new-logo-dom.png\",\"contentUrl\":\"https:\\\/\\\/domlabs.bio\\\/wp-content\\\/uploads\\\/2018\\\/12\\\/new-logo-dom.png\",\"width\":826,\"height\":826,\"caption\":\"D\u00d4M LABS\"},\"image\":{\"@id\":\"https:\\\/\\\/domlabs.bio\\\/#\\\/schema\\\/logo\\\/image\\\/\"},\"sameAs\":[\"https:\\\/\\\/www.facebook.com\\\/domlabslaboratoire\",\"https:\\\/\\\/www.instagram.com\\\/dom_labs\\\/\"]}]}<\/script>\n<!-- \/ Yoast SEO Premium plugin. -->","yoast_head_json":{"title":"Face\/body cleansing wipes - D\u00d4M LABS","description":"D\u00d4M LABS Refresh and remove your makeup with ease using our convenient face and body cleansing wipes.","robots":{"index":"index","follow":"follow","max-snippet":"max-snippet:-1","max-image-preview":"max-image-preview:large","max-video-preview":"max-video-preview:-1"},"canonical":"https:\/\/domlabs.bio\/eng\/product-2\/face-body-cleansing-wipes\/","og_locale":"en_US","og_type":"article","og_title":"Lingettes nettoyantes visage\/corps","og_description":"D\u00d4M LABS Rafra\u00eechissez-vous et d\u00e9maquillez-vous en toute simplicit\u00e9 avec nos lingettes nettoyantes visage et corps au format pratique.","og_url":"https:\/\/domlabs.bio\/eng\/product-2\/face-body-cleansing-wipes\/","og_site_name":"D\u00d4M LABS","article_publisher":"https:\/\/www.facebook.com\/domlabslaboratoire","article_modified_time":"2025-08-10T11:56:38+00:00","og_image":[{"width":1441,"height":1920,"url":"https:\/\/domlabs.bio\/wp-content\/uploads\/2025\/04\/Produit-9.jpg","type":"image\/jpeg"}],"twitter_card":"summary_large_image","schema":{"@context":"https:\/\/schema.org","@graph":[{"@type":"WebPage","@id":"https:\/\/domlabs.bio\/produit\/lingettes-nettoyantes-visage-corps\/","url":"https:\/\/domlabs.bio\/produit\/lingettes-nettoyantes-visage-corps\/","name":"Face\/body cleansing wipes - D\u00d4M LABS","isPartOf":{"@id":"https:\/\/domlabs.bio\/#website"},"primaryImageOfPage":{"@id":"https:\/\/domlabs.bio\/produit\/lingettes-nettoyantes-visage-corps\/#primaryimage"},"image":{"@id":"https:\/\/domlabs.bio\/produit\/lingettes-nettoyantes-visage-corps\/#primaryimage"},"thumbnailUrl":"https:\/\/domlabs.bio\/wp-content\/uploads\/2025\/04\/Produit-9.jpg","datePublished":"2025-04-27T06:40:08+00:00","dateModified":"2025-08-10T11:56:38+00:00","description":"D\u00d4M LABS Refresh and remove your makeup with ease using our convenient face and body cleansing wipes.","breadcrumb":{"@id":"https:\/\/domlabs.bio\/produit\/lingettes-nettoyantes-visage-corps\/#breadcrumb"},"inLanguage":"en-US","potentialAction":[{"@type":"ReadAction","target":["https:\/\/domlabs.bio\/produit\/lingettes-nettoyantes-visage-corps\/"]}]},{"@type":"ImageObject","inLanguage":"en-US","@id":"https:\/\/domlabs.bio\/produit\/lingettes-nettoyantes-visage-corps\/#primaryimage","url":"https:\/\/domlabs.bio\/wp-content\/uploads\/2025\/04\/Produit-9.jpg","contentUrl":"https:\/\/domlabs.bio\/wp-content\/uploads\/2025\/04\/Produit-9.jpg","width":1441,"height":1920},{"@type":"BreadcrumbList","@id":"https:\/\/domlabs.bio\/produit\/lingettes-nettoyantes-visage-corps\/#breadcrumb","itemListElement":[{"@type":"ListItem","position":1,"name":"Accueil","item":"https:\/\/domlabs.bio\/"},{"@type":"ListItem","position":2,"name":"Boutique Bio | D\u00e9couvrez D\u00d4M LABS","item":"https:\/\/domlabs.bio\/boutique-bio\/"},{"@type":"ListItem","position":3,"name":"Lingettes nettoyantes visage\/corps"}]},{"@type":"WebSite","@id":"https:\/\/domlabs.bio\/#website","url":"https:\/\/domlabs.bio\/","name":"D\u00d4M LABS","description":"Create your cosmetic brand !","publisher":{"@id":"https:\/\/domlabs.bio\/#organization"},"potentialAction":[{"@type":"SearchAction","target":{"@type":"EntryPoint","urlTemplate":"https:\/\/domlabs.bio\/?s={search_term_string}"},"query-input":{"@type":"PropertyValueSpecification","valueRequired":true,"valueName":"search_term_string"}}],"inLanguage":"en-US"},{"@type":"Organization","@id":"https:\/\/domlabs.bio\/#organization","name":"D\u00d4M LABS","url":"https:\/\/domlabs.bio\/","logo":{"@type":"ImageObject","inLanguage":"en-US","@id":"https:\/\/domlabs.bio\/#\/schema\/logo\/image\/","url":"https:\/\/domlabs.bio\/wp-content\/uploads\/2018\/12\/new-logo-dom.png","contentUrl":"https:\/\/domlabs.bio\/wp-content\/uploads\/2018\/12\/new-logo-dom.png","width":826,"height":826,"caption":"D\u00d4M LABS"},"image":{"@id":"https:\/\/domlabs.bio\/#\/schema\/logo\/image\/"},"sameAs":["https:\/\/www.facebook.com\/domlabslaboratoire","https:\/\/www.instagram.com\/dom_labs\/"]}]}},"_links":{"self":[{"href":"https:\/\/domlabs.bio\/eng\/wp-json\/wp\/v2\/product\/12632","targetHints":{"allow":["GET"]}}],"collection":[{"href":"https:\/\/domlabs.bio\/eng\/wp-json\/wp\/v2\/product"}],"about":[{"href":"https:\/\/domlabs.bio\/eng\/wp-json\/wp\/v2\/types\/product"}],"replies":[{"embeddable":true,"href":"https:\/\/domlabs.bio\/eng\/wp-json\/wp\/v2\/comments?post=12632"}],"version-history":[{"count":2,"href":"https:\/\/domlabs.bio\/eng\/wp-json\/wp\/v2\/product\/12632\/revisions"}],"predecessor-version":[{"id":13031,"href":"https:\/\/domlabs.bio\/eng\/wp-json\/wp\/v2\/product\/12632\/revisions\/13031"}],"wp:featuredmedia":[{"embeddable":true,"href":"https:\/\/domlabs.bio\/eng\/wp-json\/wp\/v2\/media\/13030"}],"wp:attachment":[{"href":"https:\/\/domlabs.bio\/eng\/wp-json\/wp\/v2\/media?parent=12632"}],"wp:term":[{"taxonomy":"product_brand","embeddable":true,"href":"https:\/\/domlabs.bio\/eng\/wp-json\/wp\/v2\/product_brand?post=12632"},{"taxonomy":"product_cat","embeddable":true,"href":"https:\/\/domlabs.bio\/eng\/wp-json\/wp\/v2\/product_cat?post=12632"},{"taxonomy":"product_tag","embeddable":true,"href":"https:\/\/domlabs.bio\/eng\/wp-json\/wp\/v2\/product_tag?post=12632"}],"curies":[{"name":"wp","href":"https:\/\/api.w.org\/{rel}","templated":true}]}}