{"id":12587,"date":"2025-04-27T08:39:31","date_gmt":"2025-04-27T06:39:31","guid":{"rendered":"https:\/\/domlabs.bio\/produit\/soin-post-procedure\/"},"modified":"2025-08-09T13:58:41","modified_gmt":"2025-08-09T11:58:41","slug":"post-procedure-care","status":"publish","type":"product","link":"https:\/\/domlabs.bio\/eng\/produit\/soin-post-procedure\/","title":{"rendered":"Post-procedure care"},"content":{"rendered":"<p>Our post-procedure care products promote skin regeneration after dermatological procedures such as peeling, laser treatment, or microneedling. Formulated to soothe, repair, and strengthen the skin barrier, they ensure comfort and safety for fragile skin.<\/p>","protected":false},"excerpt":{"rendered":"<p>Soothing and repairing treatment to care for the skin after peeling, laser treatment, or microneedling.<\/p>","protected":false},"featured_media":12411,"comment_status":"open","ping_status":"closed","template":"","meta":{"_joinchat":[]},"product_brand":[],"product_cat":[1722],"product_tag":[],"class_list":{"0":"post-12587","1":"product","2":"type-product","3":"status-publish","4":"has-post-thumbnail","6":"product_cat-soins-du-visage","8":"first","9":"instock","10":"taxable","11":"shipping-taxable","12":"purchasable","13":"product-type-simple"},"yoast_head":"<!-- This site is optimized with the Yoast SEO Premium plugin v27.2 (Yoast SEO v27.4) - https:\/\/yoast.com\/product\/yoast-seo-premium-wordpress\/ -->\n<title>Soin post-proc\u00e9dure - D\u00d4M LABS<\/title>\n<meta name=\"description\" content=\"D\u00d4M LABS D\u00e9couvrez notre soin post-proc\u00e9dure pour aider la peau apr\u00e8s un peeling, du laser ou une s\u00e9ance de microneedling.\" \/>\n<meta name=\"robots\" content=\"index, follow, max-snippet:-1, max-image-preview:large, max-video-preview:-1\" \/>\n<link rel=\"canonical\" href=\"https:\/\/domlabs.bio\/eng\/product-2\/post-procedure-care\/\" \/>\n<meta property=\"og:locale\" content=\"en_US\" \/>\n<meta property=\"og:type\" content=\"article\" \/>\n<meta property=\"og:title\" content=\"Soin post-proc\u00e9dure\" \/>\n<meta property=\"og:description\" content=\"D\u00d4M LABS D\u00e9couvrez notre soin post-proc\u00e9dure pour aider la peau apr\u00e8s un peeling, du laser ou une s\u00e9ance de microneedling.\" \/>\n<meta property=\"og:url\" content=\"https:\/\/domlabs.bio\/eng\/product-2\/post-procedure-care\/\" \/>\n<meta property=\"og:site_name\" content=\"D\u00d4M LABS\" \/>\n<meta property=\"article:publisher\" content=\"https:\/\/www.facebook.com\/domlabslaboratoire\" \/>\n<meta property=\"article:modified_time\" content=\"2025-08-09T11:58:41+00:00\" \/>\n<meta property=\"og:image\" content=\"https:\/\/domlabs.bio\/wp-content\/uploads\/2020\/05\/M11.jpg\" \/>\n\t<meta property=\"og:image:width\" content=\"1920\" \/>\n\t<meta property=\"og:image:height\" content=\"1441\" \/>\n\t<meta property=\"og:image:type\" content=\"image\/jpeg\" \/>\n<meta name=\"twitter:card\" content=\"summary_large_image\" \/>\n<script type=\"application\/ld+json\" class=\"yoast-schema-graph\">{\"@context\":\"https:\\\/\\\/schema.org\",\"@graph\":[{\"@type\":\"WebPage\",\"@id\":\"https:\\\/\\\/domlabs.bio\\\/produit\\\/soin-post-procedure\\\/\",\"url\":\"https:\\\/\\\/domlabs.bio\\\/produit\\\/soin-post-procedure\\\/\",\"name\":\"Soin post-proc\u00e9dure - D\u00d4M LABS\",\"isPartOf\":{\"@id\":\"https:\\\/\\\/domlabs.bio\\\/#website\"},\"primaryImageOfPage\":{\"@id\":\"https:\\\/\\\/domlabs.bio\\\/produit\\\/soin-post-procedure\\\/#primaryimage\"},\"image\":{\"@id\":\"https:\\\/\\\/domlabs.bio\\\/produit\\\/soin-post-procedure\\\/#primaryimage\"},\"thumbnailUrl\":\"https:\\\/\\\/domlabs.bio\\\/wp-content\\\/uploads\\\/2020\\\/05\\\/M11.jpg\",\"datePublished\":\"2025-04-27T06:39:31+00:00\",\"dateModified\":\"2025-08-09T11:58:41+00:00\",\"description\":\"D\u00d4M LABS D\u00e9couvrez notre soin post-proc\u00e9dure pour aider la peau apr\u00e8s un peeling, du laser ou une s\u00e9ance de microneedling.\",\"breadcrumb\":{\"@id\":\"https:\\\/\\\/domlabs.bio\\\/produit\\\/soin-post-procedure\\\/#breadcrumb\"},\"inLanguage\":\"en-US\",\"potentialAction\":[{\"@type\":\"ReadAction\",\"target\":[\"https:\\\/\\\/domlabs.bio\\\/produit\\\/soin-post-procedure\\\/\"]}]},{\"@type\":\"ImageObject\",\"inLanguage\":\"en-US\",\"@id\":\"https:\\\/\\\/domlabs.bio\\\/produit\\\/soin-post-procedure\\\/#primaryimage\",\"url\":\"https:\\\/\\\/domlabs.bio\\\/wp-content\\\/uploads\\\/2020\\\/05\\\/M11.jpg\",\"contentUrl\":\"https:\\\/\\\/domlabs.bio\\\/wp-content\\\/uploads\\\/2020\\\/05\\\/M11.jpg\",\"width\":1920,\"height\":1441},{\"@type\":\"BreadcrumbList\",\"@id\":\"https:\\\/\\\/domlabs.bio\\\/produit\\\/soin-post-procedure\\\/#breadcrumb\",\"itemListElement\":[{\"@type\":\"ListItem\",\"position\":1,\"name\":\"Accueil\",\"item\":\"https:\\\/\\\/domlabs.bio\\\/\"},{\"@type\":\"ListItem\",\"position\":2,\"name\":\"Boutique Bio | D\u00e9couvrez D\u00d4M LABS\",\"item\":\"https:\\\/\\\/domlabs.bio\\\/boutique-bio\\\/\"},{\"@type\":\"ListItem\",\"position\":3,\"name\":\"Soin post-proc\u00e9dure\"}]},{\"@type\":\"WebSite\",\"@id\":\"https:\\\/\\\/domlabs.bio\\\/#website\",\"url\":\"https:\\\/\\\/domlabs.bio\\\/\",\"name\":\"D\u00d4M LABS\",\"description\":\"Cr\u00e9er votre marque cosm\u00e9tique !\",\"publisher\":{\"@id\":\"https:\\\/\\\/domlabs.bio\\\/#organization\"},\"potentialAction\":[{\"@type\":\"SearchAction\",\"target\":{\"@type\":\"EntryPoint\",\"urlTemplate\":\"https:\\\/\\\/domlabs.bio\\\/?s={search_term_string}\"},\"query-input\":{\"@type\":\"PropertyValueSpecification\",\"valueRequired\":true,\"valueName\":\"search_term_string\"}}],\"inLanguage\":\"en-US\"},{\"@type\":\"Organization\",\"@id\":\"https:\\\/\\\/domlabs.bio\\\/#organization\",\"name\":\"D\u00d4M LABS\",\"url\":\"https:\\\/\\\/domlabs.bio\\\/\",\"logo\":{\"@type\":\"ImageObject\",\"inLanguage\":\"en-US\",\"@id\":\"https:\\\/\\\/domlabs.bio\\\/#\\\/schema\\\/logo\\\/image\\\/\",\"url\":\"https:\\\/\\\/domlabs.bio\\\/wp-content\\\/uploads\\\/2018\\\/12\\\/new-logo-dom.png\",\"contentUrl\":\"https:\\\/\\\/domlabs.bio\\\/wp-content\\\/uploads\\\/2018\\\/12\\\/new-logo-dom.png\",\"width\":826,\"height\":826,\"caption\":\"D\u00d4M LABS\"},\"image\":{\"@id\":\"https:\\\/\\\/domlabs.bio\\\/#\\\/schema\\\/logo\\\/image\\\/\"},\"sameAs\":[\"https:\\\/\\\/www.facebook.com\\\/domlabslaboratoire\",\"https:\\\/\\\/www.instagram.com\\\/dom_labs\\\/\"]}]}<\/script>\n<!-- \/ Yoast SEO Premium plugin. -->","yoast_head_json":{"title":"D\u00d4M LABS - Post-procedure care","description":"D\u00d4M LABS Find out more about our post-procedure treatment to help the skin after a peel, laser treatment, or microneedling session.","robots":{"index":"index","follow":"follow","max-snippet":"max-snippet:-1","max-image-preview":"max-image-preview:large","max-video-preview":"max-video-preview:-1"},"canonical":"https:\/\/domlabs.bio\/eng\/product-2\/post-procedure-care\/","og_locale":"en_US","og_type":"article","og_title":"Soin post-proc\u00e9dure","og_description":"D\u00d4M LABS D\u00e9couvrez notre soin post-proc\u00e9dure pour aider la peau apr\u00e8s un peeling, du laser ou une s\u00e9ance de microneedling.","og_url":"https:\/\/domlabs.bio\/eng\/product-2\/post-procedure-care\/","og_site_name":"D\u00d4M LABS","article_publisher":"https:\/\/www.facebook.com\/domlabslaboratoire","article_modified_time":"2025-08-09T11:58:41+00:00","og_image":[{"width":1920,"height":1441,"url":"https:\/\/domlabs.bio\/wp-content\/uploads\/2020\/05\/M11.jpg","type":"image\/jpeg"}],"twitter_card":"summary_large_image","schema":{"@context":"https:\/\/schema.org","@graph":[{"@type":"WebPage","@id":"https:\/\/domlabs.bio\/produit\/soin-post-procedure\/","url":"https:\/\/domlabs.bio\/produit\/soin-post-procedure\/","name":"D\u00d4M LABS - Post-procedure care","isPartOf":{"@id":"https:\/\/domlabs.bio\/#website"},"primaryImageOfPage":{"@id":"https:\/\/domlabs.bio\/produit\/soin-post-procedure\/#primaryimage"},"image":{"@id":"https:\/\/domlabs.bio\/produit\/soin-post-procedure\/#primaryimage"},"thumbnailUrl":"https:\/\/domlabs.bio\/wp-content\/uploads\/2020\/05\/M11.jpg","datePublished":"2025-04-27T06:39:31+00:00","dateModified":"2025-08-09T11:58:41+00:00","description":"D\u00d4M LABS Find out more about our post-procedure treatment to help the skin after a peel, laser treatment, or microneedling session.","breadcrumb":{"@id":"https:\/\/domlabs.bio\/produit\/soin-post-procedure\/#breadcrumb"},"inLanguage":"en-US","potentialAction":[{"@type":"ReadAction","target":["https:\/\/domlabs.bio\/produit\/soin-post-procedure\/"]}]},{"@type":"ImageObject","inLanguage":"en-US","@id":"https:\/\/domlabs.bio\/produit\/soin-post-procedure\/#primaryimage","url":"https:\/\/domlabs.bio\/wp-content\/uploads\/2020\/05\/M11.jpg","contentUrl":"https:\/\/domlabs.bio\/wp-content\/uploads\/2020\/05\/M11.jpg","width":1920,"height":1441},{"@type":"BreadcrumbList","@id":"https:\/\/domlabs.bio\/produit\/soin-post-procedure\/#breadcrumb","itemListElement":[{"@type":"ListItem","position":1,"name":"Accueil","item":"https:\/\/domlabs.bio\/"},{"@type":"ListItem","position":2,"name":"Boutique Bio | D\u00e9couvrez D\u00d4M LABS","item":"https:\/\/domlabs.bio\/boutique-bio\/"},{"@type":"ListItem","position":3,"name":"Soin post-proc\u00e9dure"}]},{"@type":"WebSite","@id":"https:\/\/domlabs.bio\/#website","url":"https:\/\/domlabs.bio\/","name":"D\u00d4M LABS","description":"Create your cosmetic brand !","publisher":{"@id":"https:\/\/domlabs.bio\/#organization"},"potentialAction":[{"@type":"SearchAction","target":{"@type":"EntryPoint","urlTemplate":"https:\/\/domlabs.bio\/?s={search_term_string}"},"query-input":{"@type":"PropertyValueSpecification","valueRequired":true,"valueName":"search_term_string"}}],"inLanguage":"en-US"},{"@type":"Organization","@id":"https:\/\/domlabs.bio\/#organization","name":"D\u00d4M LABS","url":"https:\/\/domlabs.bio\/","logo":{"@type":"ImageObject","inLanguage":"en-US","@id":"https:\/\/domlabs.bio\/#\/schema\/logo\/image\/","url":"https:\/\/domlabs.bio\/wp-content\/uploads\/2018\/12\/new-logo-dom.png","contentUrl":"https:\/\/domlabs.bio\/wp-content\/uploads\/2018\/12\/new-logo-dom.png","width":826,"height":826,"caption":"D\u00d4M LABS"},"image":{"@id":"https:\/\/domlabs.bio\/#\/schema\/logo\/image\/"},"sameAs":["https:\/\/www.facebook.com\/domlabslaboratoire","https:\/\/www.instagram.com\/dom_labs\/"]}]}},"_links":{"self":[{"href":"https:\/\/domlabs.bio\/eng\/wp-json\/wp\/v2\/product\/12587","targetHints":{"allow":["GET"]}}],"collection":[{"href":"https:\/\/domlabs.bio\/eng\/wp-json\/wp\/v2\/product"}],"about":[{"href":"https:\/\/domlabs.bio\/eng\/wp-json\/wp\/v2\/types\/product"}],"replies":[{"embeddable":true,"href":"https:\/\/domlabs.bio\/eng\/wp-json\/wp\/v2\/comments?post=12587"}],"version-history":[{"count":5,"href":"https:\/\/domlabs.bio\/eng\/wp-json\/wp\/v2\/product\/12587\/revisions"}],"predecessor-version":[{"id":13690,"href":"https:\/\/domlabs.bio\/eng\/wp-json\/wp\/v2\/product\/12587\/revisions\/13690"}],"wp:featuredmedia":[{"embeddable":true,"href":"https:\/\/domlabs.bio\/eng\/wp-json\/wp\/v2\/media\/12411"}],"wp:attachment":[{"href":"https:\/\/domlabs.bio\/eng\/wp-json\/wp\/v2\/media?parent=12587"}],"wp:term":[{"taxonomy":"product_brand","embeddable":true,"href":"https:\/\/domlabs.bio\/eng\/wp-json\/wp\/v2\/product_brand?post=12587"},{"taxonomy":"product_cat","embeddable":true,"href":"https:\/\/domlabs.bio\/eng\/wp-json\/wp\/v2\/product_cat?post=12587"},{"taxonomy":"product_tag","embeddable":true,"href":"https:\/\/domlabs.bio\/eng\/wp-json\/wp\/v2\/product_tag?post=12587"}],"curies":[{"name":"wp","href":"https:\/\/api.w.org\/{rel}","templated":true}]}}