{"id":12583,"date":"2025-04-27T08:39:28","date_gmt":"2025-04-27T06:39:28","guid":{"rendered":"https:\/\/domlabs.bio\/produit\/patch-visage\/"},"modified":"2025-08-09T14:07:29","modified_gmt":"2025-08-09T12:07:29","slug":"face-patch","status":"publish","type":"product","link":"https:\/\/domlabs.bio\/eng\/produit\/patch-visage\/","title":{"rendered":"Face patch"},"content":{"rendered":"<p>Our face patches offer targeted action on specific areas such as the eyes, nose, forehead and cheeks. Formulated to moisturize, decongest or purify, they meet the needs of your cosmetics market in terms of both effectiveness and comfort.<\/p>","protected":false},"excerpt":{"rendered":"<p>Targeted patches to treat specific needs locally: eyes, nose, forehead or cheeks.<\/p>","protected":false},"featured_media":12413,"comment_status":"open","ping_status":"closed","template":"","meta":{"_joinchat":[]},"product_brand":[],"product_cat":[1722],"product_tag":[],"class_list":{"0":"post-12583","1":"product","2":"type-product","3":"status-publish","4":"has-post-thumbnail","6":"product_cat-soins-du-visage","8":"first","9":"instock","10":"taxable","11":"shipping-taxable","12":"purchasable","13":"product-type-simple"},"yoast_head":"<!-- This site is optimized with the Yoast SEO Premium plugin v27.2 (Yoast SEO v27.4) - https:\/\/yoast.com\/product\/yoast-seo-premium-wordpress\/ -->\n<title>Patch visage - D\u00d4M LABS<\/title>\n<meta name=\"description\" content=\"D\u00d4M LABS Prenez soin de zones sp\u00e9cifiques telles que les yeux, le nez, le front et les joues avec le patch visage, formul\u00e9 pour hydrater et purifier la peau\" \/>\n<meta name=\"robots\" content=\"index, follow, max-snippet:-1, max-image-preview:large, max-video-preview:-1\" \/>\n<link rel=\"canonical\" href=\"https:\/\/domlabs.bio\/eng\/product-2\/face-patch\/\" \/>\n<meta property=\"og:locale\" content=\"en_US\" \/>\n<meta property=\"og:type\" content=\"article\" \/>\n<meta property=\"og:title\" content=\"Patch visage\" \/>\n<meta property=\"og:description\" content=\"D\u00d4M LABS Prenez soin de zones sp\u00e9cifiques telles que les yeux, le nez, le front et les joues avec le patch visage, formul\u00e9 pour hydrater et purifier la peau\" \/>\n<meta property=\"og:url\" content=\"https:\/\/domlabs.bio\/eng\/product-2\/face-patch\/\" \/>\n<meta property=\"og:site_name\" content=\"D\u00d4M LABS\" \/>\n<meta property=\"article:publisher\" content=\"https:\/\/www.facebook.com\/domlabslaboratoire\" \/>\n<meta property=\"article:modified_time\" content=\"2025-08-09T12:07:29+00:00\" \/>\n<meta property=\"og:image\" content=\"https:\/\/domlabs.bio\/wp-content\/uploads\/2020\/05\/M13.jpg\" \/>\n\t<meta property=\"og:image:width\" content=\"1920\" \/>\n\t<meta property=\"og:image:height\" content=\"1441\" \/>\n\t<meta property=\"og:image:type\" content=\"image\/jpeg\" \/>\n<meta name=\"twitter:card\" content=\"summary_large_image\" \/>\n<script type=\"application\/ld+json\" class=\"yoast-schema-graph\">{\"@context\":\"https:\\\/\\\/schema.org\",\"@graph\":[{\"@type\":\"WebPage\",\"@id\":\"https:\\\/\\\/domlabs.bio\\\/produit\\\/patch-visage\\\/\",\"url\":\"https:\\\/\\\/domlabs.bio\\\/produit\\\/patch-visage\\\/\",\"name\":\"Patch visage - D\u00d4M LABS\",\"isPartOf\":{\"@id\":\"https:\\\/\\\/domlabs.bio\\\/#website\"},\"primaryImageOfPage\":{\"@id\":\"https:\\\/\\\/domlabs.bio\\\/produit\\\/patch-visage\\\/#primaryimage\"},\"image\":{\"@id\":\"https:\\\/\\\/domlabs.bio\\\/produit\\\/patch-visage\\\/#primaryimage\"},\"thumbnailUrl\":\"https:\\\/\\\/domlabs.bio\\\/wp-content\\\/uploads\\\/2020\\\/05\\\/M13.jpg\",\"datePublished\":\"2025-04-27T06:39:28+00:00\",\"dateModified\":\"2025-08-09T12:07:29+00:00\",\"description\":\"D\u00d4M LABS Prenez soin de zones sp\u00e9cifiques telles que les yeux, le nez, le front et les joues avec le patch visage, formul\u00e9 pour hydrater et purifier la peau\",\"breadcrumb\":{\"@id\":\"https:\\\/\\\/domlabs.bio\\\/produit\\\/patch-visage\\\/#breadcrumb\"},\"inLanguage\":\"en-US\",\"potentialAction\":[{\"@type\":\"ReadAction\",\"target\":[\"https:\\\/\\\/domlabs.bio\\\/produit\\\/patch-visage\\\/\"]}]},{\"@type\":\"ImageObject\",\"inLanguage\":\"en-US\",\"@id\":\"https:\\\/\\\/domlabs.bio\\\/produit\\\/patch-visage\\\/#primaryimage\",\"url\":\"https:\\\/\\\/domlabs.bio\\\/wp-content\\\/uploads\\\/2020\\\/05\\\/M13.jpg\",\"contentUrl\":\"https:\\\/\\\/domlabs.bio\\\/wp-content\\\/uploads\\\/2020\\\/05\\\/M13.jpg\",\"width\":1920,\"height\":1441},{\"@type\":\"BreadcrumbList\",\"@id\":\"https:\\\/\\\/domlabs.bio\\\/produit\\\/patch-visage\\\/#breadcrumb\",\"itemListElement\":[{\"@type\":\"ListItem\",\"position\":1,\"name\":\"Accueil\",\"item\":\"https:\\\/\\\/domlabs.bio\\\/\"},{\"@type\":\"ListItem\",\"position\":2,\"name\":\"Boutique Bio | D\u00e9couvrez D\u00d4M LABS\",\"item\":\"https:\\\/\\\/domlabs.bio\\\/boutique-bio\\\/\"},{\"@type\":\"ListItem\",\"position\":3,\"name\":\"Patch visage\"}]},{\"@type\":\"WebSite\",\"@id\":\"https:\\\/\\\/domlabs.bio\\\/#website\",\"url\":\"https:\\\/\\\/domlabs.bio\\\/\",\"name\":\"D\u00d4M LABS\",\"description\":\"Cr\u00e9er votre marque cosm\u00e9tique !\",\"publisher\":{\"@id\":\"https:\\\/\\\/domlabs.bio\\\/#organization\"},\"potentialAction\":[{\"@type\":\"SearchAction\",\"target\":{\"@type\":\"EntryPoint\",\"urlTemplate\":\"https:\\\/\\\/domlabs.bio\\\/?s={search_term_string}\"},\"query-input\":{\"@type\":\"PropertyValueSpecification\",\"valueRequired\":true,\"valueName\":\"search_term_string\"}}],\"inLanguage\":\"en-US\"},{\"@type\":\"Organization\",\"@id\":\"https:\\\/\\\/domlabs.bio\\\/#organization\",\"name\":\"D\u00d4M LABS\",\"url\":\"https:\\\/\\\/domlabs.bio\\\/\",\"logo\":{\"@type\":\"ImageObject\",\"inLanguage\":\"en-US\",\"@id\":\"https:\\\/\\\/domlabs.bio\\\/#\\\/schema\\\/logo\\\/image\\\/\",\"url\":\"https:\\\/\\\/domlabs.bio\\\/wp-content\\\/uploads\\\/2018\\\/12\\\/new-logo-dom.png\",\"contentUrl\":\"https:\\\/\\\/domlabs.bio\\\/wp-content\\\/uploads\\\/2018\\\/12\\\/new-logo-dom.png\",\"width\":826,\"height\":826,\"caption\":\"D\u00d4M LABS\"},\"image\":{\"@id\":\"https:\\\/\\\/domlabs.bio\\\/#\\\/schema\\\/logo\\\/image\\\/\"},\"sameAs\":[\"https:\\\/\\\/www.facebook.com\\\/domlabslaboratoire\",\"https:\\\/\\\/www.instagram.com\\\/dom_labs\\\/\"]}]}<\/script>\n<!-- \/ Yoast SEO Premium plugin. -->","yoast_head_json":{"title":"D\u00d4M LABS - Face patch","description":"D\u00d4M LABS Take care of specific areas such as the eyes, nose, forehead, and cheeks with the face patch, formulated to moisturize and purify the skin","robots":{"index":"index","follow":"follow","max-snippet":"max-snippet:-1","max-image-preview":"max-image-preview:large","max-video-preview":"max-video-preview:-1"},"canonical":"https:\/\/domlabs.bio\/eng\/product-2\/face-patch\/","og_locale":"en_US","og_type":"article","og_title":"Patch visage","og_description":"D\u00d4M LABS Prenez soin de zones sp\u00e9cifiques telles que les yeux, le nez, le front et les joues avec le patch visage, formul\u00e9 pour hydrater et purifier la peau","og_url":"https:\/\/domlabs.bio\/eng\/product-2\/face-patch\/","og_site_name":"D\u00d4M LABS","article_publisher":"https:\/\/www.facebook.com\/domlabslaboratoire","article_modified_time":"2025-08-09T12:07:29+00:00","og_image":[{"width":1920,"height":1441,"url":"https:\/\/domlabs.bio\/wp-content\/uploads\/2020\/05\/M13.jpg","type":"image\/jpeg"}],"twitter_card":"summary_large_image","schema":{"@context":"https:\/\/schema.org","@graph":[{"@type":"WebPage","@id":"https:\/\/domlabs.bio\/produit\/patch-visage\/","url":"https:\/\/domlabs.bio\/produit\/patch-visage\/","name":"D\u00d4M LABS - Face patch","isPartOf":{"@id":"https:\/\/domlabs.bio\/#website"},"primaryImageOfPage":{"@id":"https:\/\/domlabs.bio\/produit\/patch-visage\/#primaryimage"},"image":{"@id":"https:\/\/domlabs.bio\/produit\/patch-visage\/#primaryimage"},"thumbnailUrl":"https:\/\/domlabs.bio\/wp-content\/uploads\/2020\/05\/M13.jpg","datePublished":"2025-04-27T06:39:28+00:00","dateModified":"2025-08-09T12:07:29+00:00","description":"D\u00d4M LABS Take care of specific areas such as the eyes, nose, forehead, and cheeks with the face patch, formulated to moisturize and purify the skin","breadcrumb":{"@id":"https:\/\/domlabs.bio\/produit\/patch-visage\/#breadcrumb"},"inLanguage":"en-US","potentialAction":[{"@type":"ReadAction","target":["https:\/\/domlabs.bio\/produit\/patch-visage\/"]}]},{"@type":"ImageObject","inLanguage":"en-US","@id":"https:\/\/domlabs.bio\/produit\/patch-visage\/#primaryimage","url":"https:\/\/domlabs.bio\/wp-content\/uploads\/2020\/05\/M13.jpg","contentUrl":"https:\/\/domlabs.bio\/wp-content\/uploads\/2020\/05\/M13.jpg","width":1920,"height":1441},{"@type":"BreadcrumbList","@id":"https:\/\/domlabs.bio\/produit\/patch-visage\/#breadcrumb","itemListElement":[{"@type":"ListItem","position":1,"name":"Accueil","item":"https:\/\/domlabs.bio\/"},{"@type":"ListItem","position":2,"name":"Boutique Bio | D\u00e9couvrez D\u00d4M LABS","item":"https:\/\/domlabs.bio\/boutique-bio\/"},{"@type":"ListItem","position":3,"name":"Patch visage"}]},{"@type":"WebSite","@id":"https:\/\/domlabs.bio\/#website","url":"https:\/\/domlabs.bio\/","name":"D\u00d4M LABS","description":"Create your cosmetic brand !","publisher":{"@id":"https:\/\/domlabs.bio\/#organization"},"potentialAction":[{"@type":"SearchAction","target":{"@type":"EntryPoint","urlTemplate":"https:\/\/domlabs.bio\/?s={search_term_string}"},"query-input":{"@type":"PropertyValueSpecification","valueRequired":true,"valueName":"search_term_string"}}],"inLanguage":"en-US"},{"@type":"Organization","@id":"https:\/\/domlabs.bio\/#organization","name":"D\u00d4M LABS","url":"https:\/\/domlabs.bio\/","logo":{"@type":"ImageObject","inLanguage":"en-US","@id":"https:\/\/domlabs.bio\/#\/schema\/logo\/image\/","url":"https:\/\/domlabs.bio\/wp-content\/uploads\/2018\/12\/new-logo-dom.png","contentUrl":"https:\/\/domlabs.bio\/wp-content\/uploads\/2018\/12\/new-logo-dom.png","width":826,"height":826,"caption":"D\u00d4M LABS"},"image":{"@id":"https:\/\/domlabs.bio\/#\/schema\/logo\/image\/"},"sameAs":["https:\/\/www.facebook.com\/domlabslaboratoire","https:\/\/www.instagram.com\/dom_labs\/"]}]}},"_links":{"self":[{"href":"https:\/\/domlabs.bio\/eng\/wp-json\/wp\/v2\/product\/12583","targetHints":{"allow":["GET"]}}],"collection":[{"href":"https:\/\/domlabs.bio\/eng\/wp-json\/wp\/v2\/product"}],"about":[{"href":"https:\/\/domlabs.bio\/eng\/wp-json\/wp\/v2\/types\/product"}],"replies":[{"embeddable":true,"href":"https:\/\/domlabs.bio\/eng\/wp-json\/wp\/v2\/comments?post=12583"}],"version-history":[{"count":4,"href":"https:\/\/domlabs.bio\/eng\/wp-json\/wp\/v2\/product\/12583\/revisions"}],"predecessor-version":[{"id":13693,"href":"https:\/\/domlabs.bio\/eng\/wp-json\/wp\/v2\/product\/12583\/revisions\/13693"}],"wp:featuredmedia":[{"embeddable":true,"href":"https:\/\/domlabs.bio\/eng\/wp-json\/wp\/v2\/media\/12413"}],"wp:attachment":[{"href":"https:\/\/domlabs.bio\/eng\/wp-json\/wp\/v2\/media?parent=12583"}],"wp:term":[{"taxonomy":"product_brand","embeddable":true,"href":"https:\/\/domlabs.bio\/eng\/wp-json\/wp\/v2\/product_brand?post=12583"},{"taxonomy":"product_cat","embeddable":true,"href":"https:\/\/domlabs.bio\/eng\/wp-json\/wp\/v2\/product_cat?post=12583"},{"taxonomy":"product_tag","embeddable":true,"href":"https:\/\/domlabs.bio\/eng\/wp-json\/wp\/v2\/product_tag?post=12583"}],"curies":[{"name":"wp","href":"https:\/\/api.w.org\/{rel}","templated":true}]}}