{"id":12578,"date":"2025-04-27T08:39:24","date_gmt":"2025-04-27T06:39:24","guid":{"rendered":"https:\/\/domlabs.bio\/produit\/masque-visage\/"},"modified":"2025-08-09T14:27:48","modified_gmt":"2025-08-09T12:27:48","slug":"face-mask","status":"publish","type":"product","link":"https:\/\/domlabs.bio\/eng\/produit\/masque-visage\/","title":{"rendered":"Face mask"},"content":{"rendered":"<p>Our face masks offer specific solutions: intense hydration, purification, radiance, or repair. Available in different forms (moisturizing, purifying), our tailor-made formulas meet various consumer expectations.<\/p>","protected":false},"excerpt":{"rendered":"<p>Moisturizing, purifying, or radiance-boosting masks to meet the specific needs of demanding skins.<\/p>","protected":false},"featured_media":12407,"comment_status":"open","ping_status":"closed","template":"","meta":{"_joinchat":[]},"product_brand":[],"product_cat":[1722],"product_tag":[],"class_list":{"0":"post-12578","1":"product","2":"type-product","3":"status-publish","4":"has-post-thumbnail","6":"product_cat-soins-du-visage","8":"first","9":"instock","10":"taxable","11":"shipping-taxable","12":"purchasable","13":"product-type-simple"},"yoast_head":"<!-- This site is optimized with the Yoast SEO Premium plugin v27.2 (Yoast SEO v27.4) - https:\/\/yoast.com\/product\/yoast-seo-premium-wordpress\/ -->\n<title>Masque visage - D\u00d4M LABS<\/title>\n<meta name=\"description\" content=\"D\u00d4M LABS Donnez un boost d&#039;\u00e9clat \u00e0 votre peau avec nos masques visage en fonction de sa solution sp\u00e9cifique : hydratation, purification, \u00e9clat ou r\u00e9paration\" \/>\n<meta name=\"robots\" content=\"index, follow, max-snippet:-1, max-image-preview:large, max-video-preview:-1\" \/>\n<link rel=\"canonical\" href=\"https:\/\/domlabs.bio\/eng\/product-2\/face-mask\/\" \/>\n<meta property=\"og:locale\" content=\"en_US\" \/>\n<meta property=\"og:type\" content=\"article\" \/>\n<meta property=\"og:title\" content=\"Masque visage\" \/>\n<meta property=\"og:description\" content=\"D\u00d4M LABS Donnez un boost d&#039;\u00e9clat \u00e0 votre peau avec nos masques visage en fonction de sa solution sp\u00e9cifique : hydratation, purification, \u00e9clat ou r\u00e9paration\" \/>\n<meta property=\"og:url\" content=\"https:\/\/domlabs.bio\/eng\/product-2\/face-mask\/\" \/>\n<meta property=\"og:site_name\" content=\"D\u00d4M LABS\" \/>\n<meta property=\"article:publisher\" content=\"https:\/\/www.facebook.com\/domlabslaboratoire\" \/>\n<meta property=\"article:modified_time\" content=\"2025-08-09T12:27:48+00:00\" \/>\n<meta property=\"og:image\" content=\"https:\/\/domlabs.bio\/wp-content\/uploads\/2020\/05\/M7.jpg\" \/>\n\t<meta property=\"og:image:width\" content=\"1920\" \/>\n\t<meta property=\"og:image:height\" content=\"1441\" \/>\n\t<meta property=\"og:image:type\" content=\"image\/jpeg\" \/>\n<meta name=\"twitter:card\" content=\"summary_large_image\" \/>\n<script type=\"application\/ld+json\" class=\"yoast-schema-graph\">{\"@context\":\"https:\\\/\\\/schema.org\",\"@graph\":[{\"@type\":\"WebPage\",\"@id\":\"https:\\\/\\\/domlabs.bio\\\/produit\\\/masque-visage\\\/\",\"url\":\"https:\\\/\\\/domlabs.bio\\\/produit\\\/masque-visage\\\/\",\"name\":\"Masque visage - D\u00d4M LABS\",\"isPartOf\":{\"@id\":\"https:\\\/\\\/domlabs.bio\\\/#website\"},\"primaryImageOfPage\":{\"@id\":\"https:\\\/\\\/domlabs.bio\\\/produit\\\/masque-visage\\\/#primaryimage\"},\"image\":{\"@id\":\"https:\\\/\\\/domlabs.bio\\\/produit\\\/masque-visage\\\/#primaryimage\"},\"thumbnailUrl\":\"https:\\\/\\\/domlabs.bio\\\/wp-content\\\/uploads\\\/2020\\\/05\\\/M7.jpg\",\"datePublished\":\"2025-04-27T06:39:24+00:00\",\"dateModified\":\"2025-08-09T12:27:48+00:00\",\"description\":\"D\u00d4M LABS Donnez un boost d'\u00e9clat \u00e0 votre peau avec nos masques visage en fonction de sa solution sp\u00e9cifique : hydratation, purification, \u00e9clat ou r\u00e9paration\",\"breadcrumb\":{\"@id\":\"https:\\\/\\\/domlabs.bio\\\/produit\\\/masque-visage\\\/#breadcrumb\"},\"inLanguage\":\"en-US\",\"potentialAction\":[{\"@type\":\"ReadAction\",\"target\":[\"https:\\\/\\\/domlabs.bio\\\/produit\\\/masque-visage\\\/\"]}]},{\"@type\":\"ImageObject\",\"inLanguage\":\"en-US\",\"@id\":\"https:\\\/\\\/domlabs.bio\\\/produit\\\/masque-visage\\\/#primaryimage\",\"url\":\"https:\\\/\\\/domlabs.bio\\\/wp-content\\\/uploads\\\/2020\\\/05\\\/M7.jpg\",\"contentUrl\":\"https:\\\/\\\/domlabs.bio\\\/wp-content\\\/uploads\\\/2020\\\/05\\\/M7.jpg\",\"width\":1920,\"height\":1441},{\"@type\":\"BreadcrumbList\",\"@id\":\"https:\\\/\\\/domlabs.bio\\\/produit\\\/masque-visage\\\/#breadcrumb\",\"itemListElement\":[{\"@type\":\"ListItem\",\"position\":1,\"name\":\"Accueil\",\"item\":\"https:\\\/\\\/domlabs.bio\\\/\"},{\"@type\":\"ListItem\",\"position\":2,\"name\":\"Boutique Bio | D\u00e9couvrez D\u00d4M LABS\",\"item\":\"https:\\\/\\\/domlabs.bio\\\/boutique-bio\\\/\"},{\"@type\":\"ListItem\",\"position\":3,\"name\":\"Masque visage\"}]},{\"@type\":\"WebSite\",\"@id\":\"https:\\\/\\\/domlabs.bio\\\/#website\",\"url\":\"https:\\\/\\\/domlabs.bio\\\/\",\"name\":\"D\u00d4M LABS\",\"description\":\"Cr\u00e9er votre marque cosm\u00e9tique !\",\"publisher\":{\"@id\":\"https:\\\/\\\/domlabs.bio\\\/#organization\"},\"potentialAction\":[{\"@type\":\"SearchAction\",\"target\":{\"@type\":\"EntryPoint\",\"urlTemplate\":\"https:\\\/\\\/domlabs.bio\\\/?s={search_term_string}\"},\"query-input\":{\"@type\":\"PropertyValueSpecification\",\"valueRequired\":true,\"valueName\":\"search_term_string\"}}],\"inLanguage\":\"en-US\"},{\"@type\":\"Organization\",\"@id\":\"https:\\\/\\\/domlabs.bio\\\/#organization\",\"name\":\"D\u00d4M LABS\",\"url\":\"https:\\\/\\\/domlabs.bio\\\/\",\"logo\":{\"@type\":\"ImageObject\",\"inLanguage\":\"en-US\",\"@id\":\"https:\\\/\\\/domlabs.bio\\\/#\\\/schema\\\/logo\\\/image\\\/\",\"url\":\"https:\\\/\\\/domlabs.bio\\\/wp-content\\\/uploads\\\/2018\\\/12\\\/new-logo-dom.png\",\"contentUrl\":\"https:\\\/\\\/domlabs.bio\\\/wp-content\\\/uploads\\\/2018\\\/12\\\/new-logo-dom.png\",\"width\":826,\"height\":826,\"caption\":\"D\u00d4M LABS\"},\"image\":{\"@id\":\"https:\\\/\\\/domlabs.bio\\\/#\\\/schema\\\/logo\\\/image\\\/\"},\"sameAs\":[\"https:\\\/\\\/www.facebook.com\\\/domlabslaboratoire\",\"https:\\\/\\\/www.instagram.com\\\/dom_labs\\\/\"]}]}<\/script>\n<!-- \/ Yoast SEO Premium plugin. -->","yoast_head_json":{"title":"D\u00d4M LABS - Face mask","description":"D\u00d4M LABS Give your skin a boost of radiance with our face masks tailored to specific needs: moisturizing, purifying, radiance, or repairing","robots":{"index":"index","follow":"follow","max-snippet":"max-snippet:-1","max-image-preview":"max-image-preview:large","max-video-preview":"max-video-preview:-1"},"canonical":"https:\/\/domlabs.bio\/eng\/product-2\/face-mask\/","og_locale":"en_US","og_type":"article","og_title":"Masque visage","og_description":"D\u00d4M LABS Donnez un boost d'\u00e9clat \u00e0 votre peau avec nos masques visage en fonction de sa solution sp\u00e9cifique : hydratation, purification, \u00e9clat ou r\u00e9paration","og_url":"https:\/\/domlabs.bio\/eng\/product-2\/face-mask\/","og_site_name":"D\u00d4M LABS","article_publisher":"https:\/\/www.facebook.com\/domlabslaboratoire","article_modified_time":"2025-08-09T12:27:48+00:00","og_image":[{"width":1920,"height":1441,"url":"https:\/\/domlabs.bio\/wp-content\/uploads\/2020\/05\/M7.jpg","type":"image\/jpeg"}],"twitter_card":"summary_large_image","schema":{"@context":"https:\/\/schema.org","@graph":[{"@type":"WebPage","@id":"https:\/\/domlabs.bio\/produit\/masque-visage\/","url":"https:\/\/domlabs.bio\/produit\/masque-visage\/","name":"D\u00d4M LABS - Face mask","isPartOf":{"@id":"https:\/\/domlabs.bio\/#website"},"primaryImageOfPage":{"@id":"https:\/\/domlabs.bio\/produit\/masque-visage\/#primaryimage"},"image":{"@id":"https:\/\/domlabs.bio\/produit\/masque-visage\/#primaryimage"},"thumbnailUrl":"https:\/\/domlabs.bio\/wp-content\/uploads\/2020\/05\/M7.jpg","datePublished":"2025-04-27T06:39:24+00:00","dateModified":"2025-08-09T12:27:48+00:00","description":"D\u00d4M LABS Give your skin a boost of radiance with our face masks tailored to specific needs: moisturizing, purifying, radiance, or repairing","breadcrumb":{"@id":"https:\/\/domlabs.bio\/produit\/masque-visage\/#breadcrumb"},"inLanguage":"en-US","potentialAction":[{"@type":"ReadAction","target":["https:\/\/domlabs.bio\/produit\/masque-visage\/"]}]},{"@type":"ImageObject","inLanguage":"en-US","@id":"https:\/\/domlabs.bio\/produit\/masque-visage\/#primaryimage","url":"https:\/\/domlabs.bio\/wp-content\/uploads\/2020\/05\/M7.jpg","contentUrl":"https:\/\/domlabs.bio\/wp-content\/uploads\/2020\/05\/M7.jpg","width":1920,"height":1441},{"@type":"BreadcrumbList","@id":"https:\/\/domlabs.bio\/produit\/masque-visage\/#breadcrumb","itemListElement":[{"@type":"ListItem","position":1,"name":"Accueil","item":"https:\/\/domlabs.bio\/"},{"@type":"ListItem","position":2,"name":"Boutique Bio | D\u00e9couvrez D\u00d4M LABS","item":"https:\/\/domlabs.bio\/boutique-bio\/"},{"@type":"ListItem","position":3,"name":"Masque visage"}]},{"@type":"WebSite","@id":"https:\/\/domlabs.bio\/#website","url":"https:\/\/domlabs.bio\/","name":"D\u00d4M LABS","description":"Create your cosmetic brand !","publisher":{"@id":"https:\/\/domlabs.bio\/#organization"},"potentialAction":[{"@type":"SearchAction","target":{"@type":"EntryPoint","urlTemplate":"https:\/\/domlabs.bio\/?s={search_term_string}"},"query-input":{"@type":"PropertyValueSpecification","valueRequired":true,"valueName":"search_term_string"}}],"inLanguage":"en-US"},{"@type":"Organization","@id":"https:\/\/domlabs.bio\/#organization","name":"D\u00d4M LABS","url":"https:\/\/domlabs.bio\/","logo":{"@type":"ImageObject","inLanguage":"en-US","@id":"https:\/\/domlabs.bio\/#\/schema\/logo\/image\/","url":"https:\/\/domlabs.bio\/wp-content\/uploads\/2018\/12\/new-logo-dom.png","contentUrl":"https:\/\/domlabs.bio\/wp-content\/uploads\/2018\/12\/new-logo-dom.png","width":826,"height":826,"caption":"D\u00d4M LABS"},"image":{"@id":"https:\/\/domlabs.bio\/#\/schema\/logo\/image\/"},"sameAs":["https:\/\/www.facebook.com\/domlabslaboratoire","https:\/\/www.instagram.com\/dom_labs\/"]}]}},"_links":{"self":[{"href":"https:\/\/domlabs.bio\/eng\/wp-json\/wp\/v2\/product\/12578","targetHints":{"allow":["GET"]}}],"collection":[{"href":"https:\/\/domlabs.bio\/eng\/wp-json\/wp\/v2\/product"}],"about":[{"href":"https:\/\/domlabs.bio\/eng\/wp-json\/wp\/v2\/types\/product"}],"replies":[{"embeddable":true,"href":"https:\/\/domlabs.bio\/eng\/wp-json\/wp\/v2\/comments?post=12578"}],"version-history":[{"count":4,"href":"https:\/\/domlabs.bio\/eng\/wp-json\/wp\/v2\/product\/12578\/revisions"}],"predecessor-version":[{"id":12926,"href":"https:\/\/domlabs.bio\/eng\/wp-json\/wp\/v2\/product\/12578\/revisions\/12926"}],"wp:featuredmedia":[{"embeddable":true,"href":"https:\/\/domlabs.bio\/eng\/wp-json\/wp\/v2\/media\/12407"}],"wp:attachment":[{"href":"https:\/\/domlabs.bio\/eng\/wp-json\/wp\/v2\/media?parent=12578"}],"wp:term":[{"taxonomy":"product_brand","embeddable":true,"href":"https:\/\/domlabs.bio\/eng\/wp-json\/wp\/v2\/product_brand?post=12578"},{"taxonomy":"product_cat","embeddable":true,"href":"https:\/\/domlabs.bio\/eng\/wp-json\/wp\/v2\/product_cat?post=12578"},{"taxonomy":"product_tag","embeddable":true,"href":"https:\/\/domlabs.bio\/eng\/wp-json\/wp\/v2\/product_tag?post=12578"}],"curies":[{"name":"wp","href":"https:\/\/api.w.org\/{rel}","templated":true}]}}