{"id":12571,"date":"2025-04-27T08:39:19","date_gmt":"2025-04-27T06:39:19","guid":{"rendered":"https:\/\/domlabs.bio\/produit\/toner-lotion-hydrolat\/"},"modified":"2025-08-09T14:44:28","modified_gmt":"2025-08-09T12:44:28","slug":"toner-lotion-hydrosol","status":"publish","type":"product","link":"https:\/\/domlabs.bio\/eng\/produit\/toner-lotion-hydrolat\/","title":{"rendered":"Toner\/Lotion\/Hydrosol"},"content":{"rendered":"<p>Notre toner \/ lotion \/ hydrolat est d\u00e9velopp\u00e9 pour r\u00e9pondre aux besoins sp\u00e9cifiques des consommateurs. Nous concevons chaque formule pour allier efficacit\u00e9, sensorialit\u00e9 et adaptation \u00e0 votre projet cosm\u00e9tique.<\/p>","protected":false},"excerpt":{"rendered":"<p>Toner\/Lotion\/Hydrosol that can be customized to your needs.<\/p>","protected":false},"featured_media":12412,"comment_status":"open","ping_status":"closed","template":"","meta":{"_joinchat":[]},"product_brand":[],"product_cat":[1722],"product_tag":[],"class_list":{"0":"post-12571","1":"product","2":"type-product","3":"status-publish","4":"has-post-thumbnail","6":"product_cat-soins-du-visage","8":"first","9":"instock","10":"taxable","11":"shipping-taxable","12":"purchasable","13":"product-type-simple"},"yoast_head":"<!-- This site is optimized with the Yoast SEO Premium plugin v27.2 (Yoast SEO v27.4) - https:\/\/yoast.com\/product\/yoast-seo-premium-wordpress\/ -->\n<title>Toner \/ Lotion \/ Hydrolat - D\u00d4M LABS<\/title>\n<meta name=\"description\" content=\"D\u00d4M LABS Le toner \/ lotion \/ hydrolat est d\u00e9velopp\u00e9 pour r\u00e9pondre aux besoins sp\u00e9cifiques des consommateurs et est personnalisable selon vos besoins.\" \/>\n<meta name=\"robots\" content=\"index, follow, max-snippet:-1, max-image-preview:large, max-video-preview:-1\" \/>\n<link rel=\"canonical\" href=\"https:\/\/domlabs.bio\/eng\/product-2\/toner-lotion-hydrosol\/\" \/>\n<meta property=\"og:locale\" content=\"en_US\" \/>\n<meta property=\"og:type\" content=\"article\" \/>\n<meta property=\"og:title\" content=\"Toner \/ Lotion \/ Hydrolat\" \/>\n<meta property=\"og:description\" content=\"D\u00d4M LABS Le toner \/ lotion \/ hydrolat est d\u00e9velopp\u00e9 pour r\u00e9pondre aux besoins sp\u00e9cifiques des consommateurs et est personnalisable selon vos besoins.\" \/>\n<meta property=\"og:url\" content=\"https:\/\/domlabs.bio\/eng\/product-2\/toner-lotion-hydrosol\/\" \/>\n<meta property=\"og:site_name\" content=\"D\u00d4M LABS\" \/>\n<meta property=\"article:publisher\" content=\"https:\/\/www.facebook.com\/domlabslaboratoire\" \/>\n<meta property=\"article:modified_time\" content=\"2025-08-09T12:44:28+00:00\" \/>\n<meta property=\"og:image\" content=\"https:\/\/domlabs.bio\/wp-content\/uploads\/2020\/05\/M12.jpg\" \/>\n\t<meta property=\"og:image:width\" content=\"1920\" \/>\n\t<meta property=\"og:image:height\" content=\"1441\" \/>\n\t<meta property=\"og:image:type\" content=\"image\/jpeg\" \/>\n<meta name=\"twitter:card\" content=\"summary_large_image\" \/>\n<script type=\"application\/ld+json\" class=\"yoast-schema-graph\">{\"@context\":\"https:\\\/\\\/schema.org\",\"@graph\":[{\"@type\":\"WebPage\",\"@id\":\"https:\\\/\\\/domlabs.bio\\\/produit\\\/toner-lotion-hydrolat\\\/\",\"url\":\"https:\\\/\\\/domlabs.bio\\\/produit\\\/toner-lotion-hydrolat\\\/\",\"name\":\"Toner \\\/ Lotion \\\/ Hydrolat - D\u00d4M LABS\",\"isPartOf\":{\"@id\":\"https:\\\/\\\/domlabs.bio\\\/#website\"},\"primaryImageOfPage\":{\"@id\":\"https:\\\/\\\/domlabs.bio\\\/produit\\\/toner-lotion-hydrolat\\\/#primaryimage\"},\"image\":{\"@id\":\"https:\\\/\\\/domlabs.bio\\\/produit\\\/toner-lotion-hydrolat\\\/#primaryimage\"},\"thumbnailUrl\":\"https:\\\/\\\/domlabs.bio\\\/wp-content\\\/uploads\\\/2020\\\/05\\\/M12.jpg\",\"datePublished\":\"2025-04-27T06:39:19+00:00\",\"dateModified\":\"2025-08-09T12:44:28+00:00\",\"description\":\"D\u00d4M LABS Le toner \\\/ lotion \\\/ hydrolat est d\u00e9velopp\u00e9 pour r\u00e9pondre aux besoins sp\u00e9cifiques des consommateurs et est personnalisable selon vos besoins.\",\"breadcrumb\":{\"@id\":\"https:\\\/\\\/domlabs.bio\\\/produit\\\/toner-lotion-hydrolat\\\/#breadcrumb\"},\"inLanguage\":\"en-US\",\"potentialAction\":[{\"@type\":\"ReadAction\",\"target\":[\"https:\\\/\\\/domlabs.bio\\\/produit\\\/toner-lotion-hydrolat\\\/\"]}]},{\"@type\":\"ImageObject\",\"inLanguage\":\"en-US\",\"@id\":\"https:\\\/\\\/domlabs.bio\\\/produit\\\/toner-lotion-hydrolat\\\/#primaryimage\",\"url\":\"https:\\\/\\\/domlabs.bio\\\/wp-content\\\/uploads\\\/2020\\\/05\\\/M12.jpg\",\"contentUrl\":\"https:\\\/\\\/domlabs.bio\\\/wp-content\\\/uploads\\\/2020\\\/05\\\/M12.jpg\",\"width\":1920,\"height\":1441},{\"@type\":\"BreadcrumbList\",\"@id\":\"https:\\\/\\\/domlabs.bio\\\/produit\\\/toner-lotion-hydrolat\\\/#breadcrumb\",\"itemListElement\":[{\"@type\":\"ListItem\",\"position\":1,\"name\":\"Accueil\",\"item\":\"https:\\\/\\\/domlabs.bio\\\/\"},{\"@type\":\"ListItem\",\"position\":2,\"name\":\"Boutique Bio | D\u00e9couvrez D\u00d4M LABS\",\"item\":\"https:\\\/\\\/domlabs.bio\\\/boutique-bio\\\/\"},{\"@type\":\"ListItem\",\"position\":3,\"name\":\"Toner \\\/ Lotion \\\/ Hydrolat\"}]},{\"@type\":\"WebSite\",\"@id\":\"https:\\\/\\\/domlabs.bio\\\/#website\",\"url\":\"https:\\\/\\\/domlabs.bio\\\/\",\"name\":\"D\u00d4M LABS\",\"description\":\"Cr\u00e9er votre marque cosm\u00e9tique !\",\"publisher\":{\"@id\":\"https:\\\/\\\/domlabs.bio\\\/#organization\"},\"potentialAction\":[{\"@type\":\"SearchAction\",\"target\":{\"@type\":\"EntryPoint\",\"urlTemplate\":\"https:\\\/\\\/domlabs.bio\\\/?s={search_term_string}\"},\"query-input\":{\"@type\":\"PropertyValueSpecification\",\"valueRequired\":true,\"valueName\":\"search_term_string\"}}],\"inLanguage\":\"en-US\"},{\"@type\":\"Organization\",\"@id\":\"https:\\\/\\\/domlabs.bio\\\/#organization\",\"name\":\"D\u00d4M LABS\",\"url\":\"https:\\\/\\\/domlabs.bio\\\/\",\"logo\":{\"@type\":\"ImageObject\",\"inLanguage\":\"en-US\",\"@id\":\"https:\\\/\\\/domlabs.bio\\\/#\\\/schema\\\/logo\\\/image\\\/\",\"url\":\"https:\\\/\\\/domlabs.bio\\\/wp-content\\\/uploads\\\/2018\\\/12\\\/new-logo-dom.png\",\"contentUrl\":\"https:\\\/\\\/domlabs.bio\\\/wp-content\\\/uploads\\\/2018\\\/12\\\/new-logo-dom.png\",\"width\":826,\"height\":826,\"caption\":\"D\u00d4M LABS\"},\"image\":{\"@id\":\"https:\\\/\\\/domlabs.bio\\\/#\\\/schema\\\/logo\\\/image\\\/\"},\"sameAs\":[\"https:\\\/\\\/www.facebook.com\\\/domlabslaboratoire\",\"https:\\\/\\\/www.instagram.com\\\/dom_labs\\\/\"]}]}<\/script>\n<!-- \/ Yoast SEO Premium plugin. -->","yoast_head_json":{"title":"D\u00d4M LABS - Toner\/Lotion\/Hydrosol","description":"D\u00d4M LABS The toner\/lotion\/hydrosol is developed to meet the specific needs of consumers and can be customized to suit your requirements.","robots":{"index":"index","follow":"follow","max-snippet":"max-snippet:-1","max-image-preview":"max-image-preview:large","max-video-preview":"max-video-preview:-1"},"canonical":"https:\/\/domlabs.bio\/eng\/product-2\/toner-lotion-hydrosol\/","og_locale":"en_US","og_type":"article","og_title":"Toner \/ Lotion \/ Hydrolat","og_description":"D\u00d4M LABS Le toner \/ lotion \/ hydrolat est d\u00e9velopp\u00e9 pour r\u00e9pondre aux besoins sp\u00e9cifiques des consommateurs et est personnalisable selon vos besoins.","og_url":"https:\/\/domlabs.bio\/eng\/product-2\/toner-lotion-hydrosol\/","og_site_name":"D\u00d4M LABS","article_publisher":"https:\/\/www.facebook.com\/domlabslaboratoire","article_modified_time":"2025-08-09T12:44:28+00:00","og_image":[{"width":1920,"height":1441,"url":"https:\/\/domlabs.bio\/wp-content\/uploads\/2020\/05\/M12.jpg","type":"image\/jpeg"}],"twitter_card":"summary_large_image","schema":{"@context":"https:\/\/schema.org","@graph":[{"@type":"WebPage","@id":"https:\/\/domlabs.bio\/produit\/toner-lotion-hydrolat\/","url":"https:\/\/domlabs.bio\/produit\/toner-lotion-hydrolat\/","name":"D\u00d4M LABS - Toner\/Lotion\/Hydrosol","isPartOf":{"@id":"https:\/\/domlabs.bio\/#website"},"primaryImageOfPage":{"@id":"https:\/\/domlabs.bio\/produit\/toner-lotion-hydrolat\/#primaryimage"},"image":{"@id":"https:\/\/domlabs.bio\/produit\/toner-lotion-hydrolat\/#primaryimage"},"thumbnailUrl":"https:\/\/domlabs.bio\/wp-content\/uploads\/2020\/05\/M12.jpg","datePublished":"2025-04-27T06:39:19+00:00","dateModified":"2025-08-09T12:44:28+00:00","description":"D\u00d4M LABS The toner\/lotion\/hydrosol is developed to meet the specific needs of consumers and can be customized to suit your requirements.","breadcrumb":{"@id":"https:\/\/domlabs.bio\/produit\/toner-lotion-hydrolat\/#breadcrumb"},"inLanguage":"en-US","potentialAction":[{"@type":"ReadAction","target":["https:\/\/domlabs.bio\/produit\/toner-lotion-hydrolat\/"]}]},{"@type":"ImageObject","inLanguage":"en-US","@id":"https:\/\/domlabs.bio\/produit\/toner-lotion-hydrolat\/#primaryimage","url":"https:\/\/domlabs.bio\/wp-content\/uploads\/2020\/05\/M12.jpg","contentUrl":"https:\/\/domlabs.bio\/wp-content\/uploads\/2020\/05\/M12.jpg","width":1920,"height":1441},{"@type":"BreadcrumbList","@id":"https:\/\/domlabs.bio\/produit\/toner-lotion-hydrolat\/#breadcrumb","itemListElement":[{"@type":"ListItem","position":1,"name":"Accueil","item":"https:\/\/domlabs.bio\/"},{"@type":"ListItem","position":2,"name":"Boutique Bio | D\u00e9couvrez D\u00d4M LABS","item":"https:\/\/domlabs.bio\/boutique-bio\/"},{"@type":"ListItem","position":3,"name":"Toner \/ Lotion \/ Hydrolat"}]},{"@type":"WebSite","@id":"https:\/\/domlabs.bio\/#website","url":"https:\/\/domlabs.bio\/","name":"D\u00d4M LABS","description":"Create your cosmetic brand !","publisher":{"@id":"https:\/\/domlabs.bio\/#organization"},"potentialAction":[{"@type":"SearchAction","target":{"@type":"EntryPoint","urlTemplate":"https:\/\/domlabs.bio\/?s={search_term_string}"},"query-input":{"@type":"PropertyValueSpecification","valueRequired":true,"valueName":"search_term_string"}}],"inLanguage":"en-US"},{"@type":"Organization","@id":"https:\/\/domlabs.bio\/#organization","name":"D\u00d4M LABS","url":"https:\/\/domlabs.bio\/","logo":{"@type":"ImageObject","inLanguage":"en-US","@id":"https:\/\/domlabs.bio\/#\/schema\/logo\/image\/","url":"https:\/\/domlabs.bio\/wp-content\/uploads\/2018\/12\/new-logo-dom.png","contentUrl":"https:\/\/domlabs.bio\/wp-content\/uploads\/2018\/12\/new-logo-dom.png","width":826,"height":826,"caption":"D\u00d4M LABS"},"image":{"@id":"https:\/\/domlabs.bio\/#\/schema\/logo\/image\/"},"sameAs":["https:\/\/www.facebook.com\/domlabslaboratoire","https:\/\/www.instagram.com\/dom_labs\/"]}]}},"_links":{"self":[{"href":"https:\/\/domlabs.bio\/eng\/wp-json\/wp\/v2\/product\/12571","targetHints":{"allow":["GET"]}}],"collection":[{"href":"https:\/\/domlabs.bio\/eng\/wp-json\/wp\/v2\/product"}],"about":[{"href":"https:\/\/domlabs.bio\/eng\/wp-json\/wp\/v2\/types\/product"}],"replies":[{"embeddable":true,"href":"https:\/\/domlabs.bio\/eng\/wp-json\/wp\/v2\/comments?post=12571"}],"version-history":[{"count":3,"href":"https:\/\/domlabs.bio\/eng\/wp-json\/wp\/v2\/product\/12571\/revisions"}],"predecessor-version":[{"id":13703,"href":"https:\/\/domlabs.bio\/eng\/wp-json\/wp\/v2\/product\/12571\/revisions\/13703"}],"wp:featuredmedia":[{"embeddable":true,"href":"https:\/\/domlabs.bio\/eng\/wp-json\/wp\/v2\/media\/12412"}],"wp:attachment":[{"href":"https:\/\/domlabs.bio\/eng\/wp-json\/wp\/v2\/media?parent=12571"}],"wp:term":[{"taxonomy":"product_brand","embeddable":true,"href":"https:\/\/domlabs.bio\/eng\/wp-json\/wp\/v2\/product_brand?post=12571"},{"taxonomy":"product_cat","embeddable":true,"href":"https:\/\/domlabs.bio\/eng\/wp-json\/wp\/v2\/product_cat?post=12571"},{"taxonomy":"product_tag","embeddable":true,"href":"https:\/\/domlabs.bio\/eng\/wp-json\/wp\/v2\/product_tag?post=12571"}],"curies":[{"name":"wp","href":"https:\/\/api.w.org\/{rel}","templated":true}]}}