{"id":4612,"date":"2020-05-06T14:20:59","date_gmt":"2020-05-06T14:20:59","guid":{"rendered":"https:\/\/domlabs.bio\/?page_id=4612"},"modified":"2025-09-16T11:00:56","modified_gmt":"2025-09-16T09:00:56","slug":"mentions-legales","status":"publish","type":"page","link":"https:\/\/domlabs.bio\/eng\/mentions-legales\/","title":{"rendered":"Legal Notice"},"content":{"rendered":"<div data-elementor-type=\"wp-page\" data-elementor-id=\"4612\" class=\"elementor elementor-4612\" data-elementor-post-type=\"page\">\n\t\t\t\t\t\t<section class=\"elementor-section elementor-top-section elementor-element elementor-element-70434a0 elementor-section-boxed elementor-section-height-default elementor-section-height-default\" data-id=\"70434a0\" data-element_type=\"section\" data-e-type=\"section\">\n\t\t\t\t\t\t<div class=\"elementor-container elementor-column-gap-default\">\n\t\t\t\t\t<div class=\"elementor-column elementor-col-100 elementor-top-column elementor-element elementor-element-611f19b\" data-id=\"611f19b\" data-element_type=\"column\" data-e-type=\"column\">\n\t\t\t<div class=\"elementor-widget-wrap elementor-element-populated\">\n\t\t\t\t\t\t<div class=\"elementor-element elementor-element-b59c6d4 elementor-widget elementor-widget-heading\" data-id=\"b59c6d4\" data-element_type=\"widget\" data-e-type=\"widget\" data-widget_type=\"heading.default\">\n\t\t\t\t\t<h1 class=\"elementor-heading-title elementor-size-default\">Legal Notice<\/h1>\t\t\t\t<\/div>\n\t\t\t\t\t<\/div>\n\t\t<\/div>\n\t\t\t\t\t<\/div>\n\t\t<\/section>\n\t\t\t\t<section class=\"elementor-section elementor-top-section elementor-element elementor-element-76c51f4a elementor-section-boxed elementor-section-height-default elementor-section-height-default\" data-id=\"76c51f4a\" data-element_type=\"section\" data-e-type=\"section\">\n\t\t\t\t\t\t<div class=\"elementor-container elementor-column-gap-default\">\n\t\t\t\t\t<div class=\"elementor-column elementor-col-100 elementor-top-column elementor-element elementor-element-38d206fd\" data-id=\"38d206fd\" data-element_type=\"column\" data-e-type=\"column\">\n\t\t\t<div class=\"elementor-widget-wrap elementor-element-populated\">\n\t\t\t\t\t\t<div class=\"elementor-element elementor-element-2d4e5783 elementor-widget elementor-widget-text-editor\" data-id=\"2d4e5783\" data-element_type=\"widget\" data-e-type=\"widget\" data-widget_type=\"text-editor.default\">\n\t\t\t\t\t\t\t\t\t<p>\u00a0<\/p><ul class=\"ul1\"><li class=\"li2\"><span class=\"s1\"><i>D\u00e9nomination ou raison sociale : \u00ab D\u00d4M LABS \u00bb,<br \/><\/i><\/span><\/li><li class=\"li2\"><span class=\"s1\"><i>Si\u00e8ge social : 500\/ B 130 Avenue Louise, 1050 , Bruxelles , Belgique<br \/><\/i><\/span><\/li><li class=\"li2\"><span class=\"s1\"><i>Num\u00e9ro de t\u00e9l\u00e9phone: <\/i><span class=\"s2\"><i>+32-491-33-30-28<\/i><\/span><\/span><\/li><li class=\"li2\"><span class=\"s1\"><i>Num\u00e9ro de TVA : BE0760638168<\/i><\/span><\/li><\/ul>\t\t\t\t\t\t\t\t<\/div>\n\t\t\t\t\t<\/div>\n\t\t<\/div>\n\t\t\t\t\t<\/div>\n\t\t<\/section>\n\t\t\t\t<\/div>","protected":false},"excerpt":{"rendered":"<p>Mentions l\u00e9gales \u00a0 D\u00e9nomination ou raison sociale : \u00ab D\u00d4M LABS \u00bb, Si\u00e8ge social : 500\/ B 130 Avenue Louise, 1050 , Bruxelles , Belgique Num\u00e9ro de t\u00e9l\u00e9phone: +32-491-33-30-28 Num\u00e9ro de TVA : BE0760638168<\/p>","protected":false},"author":17,"featured_media":0,"parent":0,"menu_order":0,"comment_status":"closed","ping_status":"closed","template":"","meta":{"_joinchat":[],"footnotes":""},"class_list":["post-4612","page","type-page","status-publish","hentry"],"yoast_head":"<!-- This site is optimized with the Yoast SEO Premium plugin v27.2 (Yoast SEO v27.4) - https:\/\/yoast.com\/product\/yoast-seo-premium-wordpress\/ -->\n<title>Mentions l\u00e9gales D\u00d4M LABS Produits cosm\u00e9tiques bio et alimentaires Bio<\/title>\n<meta name=\"description\" content=\"400 produits cosm\u00e9tiques Bio et produits alimentaires Bio au Maroc . En ligne avec paiement \u00e0 la livraison ou dans nos boutiques.\" \/>\n<meta name=\"robots\" content=\"noindex, nofollow\" \/>\n<meta property=\"og:locale\" content=\"en_US\" \/>\n<meta property=\"og:type\" content=\"article\" \/>\n<meta property=\"og:title\" content=\"Mentions l\u00e9gales\" \/>\n<meta property=\"og:description\" content=\"400 produits cosm\u00e9tiques Bio et produits alimentaires Bio au Maroc . En ligne avec paiement \u00e0 la livraison ou dans nos boutiques.\" \/>\n<meta property=\"og:url\" content=\"https:\/\/domlabs.bio\/eng\/mentions-legales\/\" \/>\n<meta property=\"og:site_name\" content=\"D\u00d4M LABS\" \/>\n<meta property=\"article:publisher\" content=\"https:\/\/www.facebook.com\/domlabslaboratoire\" \/>\n<meta property=\"article:modified_time\" content=\"2025-09-16T09:00:56+00:00\" \/>\n<meta name=\"twitter:card\" content=\"summary_large_image\" \/>\n<script type=\"application\/ld+json\" class=\"yoast-schema-graph\">{\"@context\":\"https:\\\/\\\/schema.org\",\"@graph\":[{\"@type\":\"WebPage\",\"@id\":\"https:\\\/\\\/domlabs.bio\\\/mentions-legales\\\/\",\"url\":\"https:\\\/\\\/domlabs.bio\\\/mentions-legales\\\/\",\"name\":\"Mentions l\u00e9gales D\u00d4M LABS Produits cosm\u00e9tiques bio et alimentaires Bio\",\"isPartOf\":{\"@id\":\"https:\\\/\\\/domlabs.bio\\\/#website\"},\"datePublished\":\"2020-05-06T14:20:59+00:00\",\"dateModified\":\"2025-09-16T09:00:56+00:00\",\"description\":\"400 produits cosm\u00e9tiques Bio et produits alimentaires Bio au Maroc . En ligne avec paiement \u00e0 la livraison ou dans nos boutiques.\",\"breadcrumb\":{\"@id\":\"https:\\\/\\\/domlabs.bio\\\/mentions-legales\\\/#breadcrumb\"},\"inLanguage\":\"en-US\",\"potentialAction\":[{\"@type\":\"ReadAction\",\"target\":[\"https:\\\/\\\/domlabs.bio\\\/mentions-legales\\\/\"]}]},{\"@type\":\"BreadcrumbList\",\"@id\":\"https:\\\/\\\/domlabs.bio\\\/mentions-legales\\\/#breadcrumb\",\"itemListElement\":[{\"@type\":\"ListItem\",\"position\":1,\"name\":\"Accueil\",\"item\":\"https:\\\/\\\/domlabs.bio\\\/\"},{\"@type\":\"ListItem\",\"position\":2,\"name\":\"Mentions l\u00e9gales\"}]},{\"@type\":\"WebSite\",\"@id\":\"https:\\\/\\\/domlabs.bio\\\/#website\",\"url\":\"https:\\\/\\\/domlabs.bio\\\/\",\"name\":\"D\u00d4M LABS\",\"description\":\"Cr\u00e9er votre marque cosm\u00e9tique !\",\"publisher\":{\"@id\":\"https:\\\/\\\/domlabs.bio\\\/#organization\"},\"potentialAction\":[{\"@type\":\"SearchAction\",\"target\":{\"@type\":\"EntryPoint\",\"urlTemplate\":\"https:\\\/\\\/domlabs.bio\\\/?s={search_term_string}\"},\"query-input\":{\"@type\":\"PropertyValueSpecification\",\"valueRequired\":true,\"valueName\":\"search_term_string\"}}],\"inLanguage\":\"en-US\"},{\"@type\":\"Organization\",\"@id\":\"https:\\\/\\\/domlabs.bio\\\/#organization\",\"name\":\"D\u00d4M LABS\",\"url\":\"https:\\\/\\\/domlabs.bio\\\/\",\"logo\":{\"@type\":\"ImageObject\",\"inLanguage\":\"en-US\",\"@id\":\"https:\\\/\\\/domlabs.bio\\\/#\\\/schema\\\/logo\\\/image\\\/\",\"url\":\"https:\\\/\\\/domlabs.bio\\\/wp-content\\\/uploads\\\/2018\\\/12\\\/new-logo-dom.png\",\"contentUrl\":\"https:\\\/\\\/domlabs.bio\\\/wp-content\\\/uploads\\\/2018\\\/12\\\/new-logo-dom.png\",\"width\":826,\"height\":826,\"caption\":\"D\u00d4M LABS\"},\"image\":{\"@id\":\"https:\\\/\\\/domlabs.bio\\\/#\\\/schema\\\/logo\\\/image\\\/\"},\"sameAs\":[\"https:\\\/\\\/www.facebook.com\\\/domlabslaboratoire\",\"https:\\\/\\\/www.instagram.com\\\/dom_labs\\\/\"]}]}<\/script>\n<!-- \/ Yoast SEO Premium plugin. -->","yoast_head_json":{"title":"Mentions l\u00e9gales D\u00d4M LABS Produits cosm\u00e9tiques bio et alimentaires Bio","description":"400 produits cosm\u00e9tiques Bio et produits alimentaires Bio au Maroc . En ligne avec paiement \u00e0 la livraison ou dans nos boutiques.","robots":{"index":"noindex","follow":"nofollow"},"og_locale":"en_US","og_type":"article","og_title":"Mentions l\u00e9gales","og_description":"400 produits cosm\u00e9tiques Bio et produits alimentaires Bio au Maroc . En ligne avec paiement \u00e0 la livraison ou dans nos boutiques.","og_url":"https:\/\/domlabs.bio\/eng\/mentions-legales\/","og_site_name":"D\u00d4M LABS","article_publisher":"https:\/\/www.facebook.com\/domlabslaboratoire","article_modified_time":"2025-09-16T09:00:56+00:00","twitter_card":"summary_large_image","schema":{"@context":"https:\/\/schema.org","@graph":[{"@type":"WebPage","@id":"https:\/\/domlabs.bio\/mentions-legales\/","url":"https:\/\/domlabs.bio\/mentions-legales\/","name":"Mentions l\u00e9gales D\u00d4M LABS Produits cosm\u00e9tiques bio et alimentaires Bio","isPartOf":{"@id":"https:\/\/domlabs.bio\/#website"},"datePublished":"2020-05-06T14:20:59+00:00","dateModified":"2025-09-16T09:00:56+00:00","description":"400 produits cosm\u00e9tiques Bio et produits alimentaires Bio au Maroc . En ligne avec paiement \u00e0 la livraison ou dans nos boutiques.","breadcrumb":{"@id":"https:\/\/domlabs.bio\/mentions-legales\/#breadcrumb"},"inLanguage":"en-US","potentialAction":[{"@type":"ReadAction","target":["https:\/\/domlabs.bio\/mentions-legales\/"]}]},{"@type":"BreadcrumbList","@id":"https:\/\/domlabs.bio\/mentions-legales\/#breadcrumb","itemListElement":[{"@type":"ListItem","position":1,"name":"Accueil","item":"https:\/\/domlabs.bio\/"},{"@type":"ListItem","position":2,"name":"Mentions l\u00e9gales"}]},{"@type":"WebSite","@id":"https:\/\/domlabs.bio\/#website","url":"https:\/\/domlabs.bio\/","name":"D\u00d4M LABS","description":"Create your cosmetic brand !","publisher":{"@id":"https:\/\/domlabs.bio\/#organization"},"potentialAction":[{"@type":"SearchAction","target":{"@type":"EntryPoint","urlTemplate":"https:\/\/domlabs.bio\/?s={search_term_string}"},"query-input":{"@type":"PropertyValueSpecification","valueRequired":true,"valueName":"search_term_string"}}],"inLanguage":"en-US"},{"@type":"Organization","@id":"https:\/\/domlabs.bio\/#organization","name":"D\u00d4M LABS","url":"https:\/\/domlabs.bio\/","logo":{"@type":"ImageObject","inLanguage":"en-US","@id":"https:\/\/domlabs.bio\/#\/schema\/logo\/image\/","url":"https:\/\/domlabs.bio\/wp-content\/uploads\/2018\/12\/new-logo-dom.png","contentUrl":"https:\/\/domlabs.bio\/wp-content\/uploads\/2018\/12\/new-logo-dom.png","width":826,"height":826,"caption":"D\u00d4M LABS"},"image":{"@id":"https:\/\/domlabs.bio\/#\/schema\/logo\/image\/"},"sameAs":["https:\/\/www.facebook.com\/domlabslaboratoire","https:\/\/www.instagram.com\/dom_labs\/"]}]}},"_links":{"self":[{"href":"https:\/\/domlabs.bio\/eng\/wp-json\/wp\/v2\/pages\/4612","targetHints":{"allow":["GET"]}}],"collection":[{"href":"https:\/\/domlabs.bio\/eng\/wp-json\/wp\/v2\/pages"}],"about":[{"href":"https:\/\/domlabs.bio\/eng\/wp-json\/wp\/v2\/types\/page"}],"author":[{"embeddable":true,"href":"https:\/\/domlabs.bio\/eng\/wp-json\/wp\/v2\/users\/17"}],"replies":[{"embeddable":true,"href":"https:\/\/domlabs.bio\/eng\/wp-json\/wp\/v2\/comments?post=4612"}],"version-history":[{"count":6,"href":"https:\/\/domlabs.bio\/eng\/wp-json\/wp\/v2\/pages\/4612\/revisions"}],"predecessor-version":[{"id":12146,"href":"https:\/\/domlabs.bio\/eng\/wp-json\/wp\/v2\/pages\/4612\/revisions\/12146"}],"wp:attachment":[{"href":"https:\/\/domlabs.bio\/eng\/wp-json\/wp\/v2\/media?parent=4612"}],"curies":[{"name":"wp","href":"https:\/\/api.w.org\/{rel}","templated":true}]}}