{"id":13226,"date":"2025-06-13T14:43:32","date_gmt":"2025-06-13T12:43:32","guid":{"rendered":"https:\/\/domlabs.bio\/?page_id=13226"},"modified":"2025-06-16T23:37:40","modified_gmt":"2025-06-16T21:37:40","slug":"nos-services","status":"publish","type":"page","link":"https:\/\/domlabs.bio\/eng\/nos-services\/","title":{"rendered":"OUR SERVICES"},"content":{"rendered":"<div data-elementor-type=\"wp-page\" data-elementor-id=\"13226\" class=\"elementor elementor-13226\" data-elementor-post-type=\"page\">\n\t\t\t\t<div class=\"elementor-element elementor-element-0ff22fa e-flex e-con-boxed e-con e-parent\" data-id=\"0ff22fa\" data-element_type=\"container\" data-e-type=\"container\" data-settings=\"{&quot;background_background&quot;:&quot;classic&quot;,&quot;shape_divider_top&quot;:&quot;curve&quot;,&quot;shape_divider_top_negative&quot;:&quot;yes&quot;}\">\n\t\t\t\t\t<div class=\"e-con-inner\">\n\t\t\t\t<div class=\"elementor-shape elementor-shape-top\" aria-hidden=\"true\" data-negative=\"true\">\n\t\t\t<svg xmlns=\"http:\/\/www.w3.org\/2000\/svg\" viewbox=\"0 0 1000 100\" preserveaspectratio=\"none\">\n\t<path class=\"elementor-shape-fill\" d=\"M500,97C126.7,96.3,0.8,19.8,0,0v100l1000,0V1C1000,19.4,873.3,97.8,500,97z\"\/>\n<\/svg>\t\t<\/div>\n\t\t<div class=\"elementor-element elementor-element-c41f683 e-con-full e-flex e-con e-child\" data-id=\"c41f683\" data-element_type=\"container\" data-e-type=\"container\">\n\t\t\t\t<div class=\"elementor-element elementor-element-cd4ac0a elementor-widget elementor-widget-heading\" data-id=\"cd4ac0a\" data-element_type=\"widget\" data-e-type=\"widget\" data-widget_type=\"heading.default\">\n\t\t\t\t\t<h2 class=\"elementor-heading-title elementor-size-default\">OUR SERVICES<\/h2>\t\t\t\t<\/div>\n\t\t<div class=\"elementor-element elementor-element-6e62248 e-con-full e-flex e-con e-child\" data-id=\"6e62248\" data-element_type=\"container\" data-e-type=\"container\">\n\t\t<div class=\"elementor-element elementor-element-483b3af e-con-full e-flex e-con e-child\" data-id=\"483b3af\" data-element_type=\"container\" data-e-type=\"container\">\n\t\t<div class=\"elementor-element elementor-element-de5f2bf e-grid e-con-full e-con e-child\" data-id=\"de5f2bf\" data-element_type=\"container\" data-e-type=\"container\">\n\t\t<div class=\"elementor-element elementor-element-a9b0e5e e-con-full e-flex e-con e-child\" data-id=\"a9b0e5e\" data-element_type=\"container\" data-e-type=\"container\" data-settings=\"{&quot;background_background&quot;:&quot;classic&quot;}\">\n\t\t\t\t<div class=\"elementor-element elementor-element-9816718 elementor-widget elementor-widget-image\" data-id=\"9816718\" data-element_type=\"widget\" data-e-type=\"widget\" data-widget_type=\"image.default\">\n\t\t\t\t\t\t\t\t\t\t\t\t\t\t\t\t<a href=\"https:\/\/domlabs.bio\/eng\/cosmetic-solutions-dom\/\">\n\t\t\t\t\t\t\t<img fetchpriority=\"high\" decoding=\"async\" width=\"800\" height=\"650\" src=\"https:\/\/domlabs.bio\/wp-content\/uploads\/2025\/04\/DomLabs_gb_web6139-1024x832.jpg\" class=\"attachment-large size-large wp-image-12092\" alt=\"Cosmetics laboratory\" srcset=\"https:\/\/domlabs.bio\/wp-content\/uploads\/2025\/04\/DomLabs_gb_web6139-1024x832.jpg 1024w, https:\/\/domlabs.bio\/wp-content\/uploads\/2025\/04\/DomLabs_gb_web6139-300x244.jpg 300w, https:\/\/domlabs.bio\/wp-content\/uploads\/2025\/04\/DomLabs_gb_web6139-768x624.jpg 768w, https:\/\/domlabs.bio\/wp-content\/uploads\/2025\/04\/DomLabs_gb_web6139-1536x1249.jpg 1536w, https:\/\/domlabs.bio\/wp-content\/uploads\/2025\/04\/DomLabs_gb_web6139-15x12.jpg 15w, https:\/\/domlabs.bio\/wp-content\/uploads\/2025\/04\/DomLabs_gb_web6139-600x488.jpg 600w, https:\/\/domlabs.bio\/wp-content\/uploads\/2025\/04\/DomLabs_gb_web6139.jpg 1625w\" sizes=\"(max-width: 800px) 100vw, 800px\" \/>\t\t\t\t\t\t\t\t<\/a>\n\t\t\t\t\t\t\t\t\t\t\t\t\t\t\t<\/div>\n\t\t\t\t<div class=\"elementor-element elementor-element-09c3451 elementor-widget elementor-widget-heading\" data-id=\"09c3451\" data-element_type=\"widget\" data-e-type=\"widget\" data-widget_type=\"heading.default\">\n\t\t\t\t\t<h3 class=\"elementor-heading-title elementor-size-default\"><a href=\"https:\/\/domlabs.bio\/eng\/cosmetic-solutions-dom\/\">All our solutions<\/a><\/h3>\t\t\t\t<\/div>\n\t\t\t\t<\/div>\n\t\t<div class=\"elementor-element elementor-element-e379424 e-con-full e-flex e-con e-child\" data-id=\"e379424\" data-element_type=\"container\" data-e-type=\"container\" data-settings=\"{&quot;background_background&quot;:&quot;classic&quot;}\">\n\t\t\t\t<div class=\"elementor-element elementor-element-d4009ea elementor-widget elementor-widget-image\" data-id=\"d4009ea\" data-element_type=\"widget\" data-e-type=\"widget\" data-widget_type=\"image.default\">\n\t\t\t\t\t\t\t\t\t\t\t\t\t\t\t\t<a href=\"https:\/\/domlabs.bio\/eng\/white-label-cosmetics\/\">\n\t\t\t\t\t\t\t<img decoding=\"async\" width=\"800\" height=\"601\" src=\"https:\/\/domlabs.bio\/wp-content\/uploads\/2022\/08\/05-1-1024x769.jpg\" class=\"attachment-large size-large wp-image-13136\" alt=\"\" srcset=\"https:\/\/domlabs.bio\/wp-content\/uploads\/2022\/08\/05-1-1024x769.jpg 1024w, https:\/\/domlabs.bio\/wp-content\/uploads\/2022\/08\/05-1-300x225.jpg 300w, https:\/\/domlabs.bio\/wp-content\/uploads\/2022\/08\/05-1-768x576.jpg 768w, https:\/\/domlabs.bio\/wp-content\/uploads\/2022\/08\/05-1-1536x1153.jpg 1536w, https:\/\/domlabs.bio\/wp-content\/uploads\/2022\/08\/05-1-16x12.jpg 16w, https:\/\/domlabs.bio\/wp-content\/uploads\/2022\/08\/05-1-600x450.jpg 600w, https:\/\/domlabs.bio\/wp-content\/uploads\/2022\/08\/05-1.jpg 1920w\" sizes=\"(max-width: 800px) 100vw, 800px\" \/>\t\t\t\t\t\t\t\t<\/a>\n\t\t\t\t\t\t\t\t\t\t\t\t\t\t\t<\/div>\n\t\t\t\t<div class=\"elementor-element elementor-element-eeef51b elementor-widget elementor-widget-heading\" data-id=\"eeef51b\" data-element_type=\"widget\" data-e-type=\"widget\" data-widget_type=\"heading.default\">\n\t\t\t\t\t<h3 class=\"elementor-heading-title elementor-size-default\"><a href=\"https:\/\/domlabs.bio\/eng\/white-label-cosmetics\/\">White label cosmetics<\/a><\/h3>\t\t\t\t<\/div>\n\t\t\t\t<\/div>\n\t\t<div class=\"elementor-element elementor-element-fb175b8 e-con-full e-flex e-con e-child\" data-id=\"fb175b8\" data-element_type=\"container\" data-e-type=\"container\" data-settings=\"{&quot;background_background&quot;:&quot;classic&quot;}\">\n\t\t\t\t<div class=\"elementor-element elementor-element-409c890 elementor-widget elementor-widget-image\" data-id=\"409c890\" data-element_type=\"widget\" data-e-type=\"widget\" data-widget_type=\"image.default\">\n\t\t\t\t\t\t\t\t\t\t\t\t\t\t\t\t<a href=\"https:\/\/domlabs.bio\/eng\/full-service-cosmetics\/\">\n\t\t\t\t\t\t\t<img decoding=\"async\" width=\"800\" height=\"532\" src=\"https:\/\/domlabs.bio\/wp-content\/uploads\/2025\/05\/chuttersnap-1lg9O5VqYz0-unsplash-1024x681.jpg\" class=\"attachment-large size-large wp-image-13077\" alt=\"\" srcset=\"https:\/\/domlabs.bio\/wp-content\/uploads\/2025\/05\/chuttersnap-1lg9O5VqYz0-unsplash-1024x681.jpg 1024w, https:\/\/domlabs.bio\/wp-content\/uploads\/2025\/05\/chuttersnap-1lg9O5VqYz0-unsplash-300x200.jpg 300w, https:\/\/domlabs.bio\/wp-content\/uploads\/2025\/05\/chuttersnap-1lg9O5VqYz0-unsplash-768x511.jpg 768w, https:\/\/domlabs.bio\/wp-content\/uploads\/2025\/05\/chuttersnap-1lg9O5VqYz0-unsplash-1536x1022.jpg 1536w, https:\/\/domlabs.bio\/wp-content\/uploads\/2025\/05\/chuttersnap-1lg9O5VqYz0-unsplash-18x12.jpg 18w, https:\/\/domlabs.bio\/wp-content\/uploads\/2025\/05\/chuttersnap-1lg9O5VqYz0-unsplash-600x399.jpg 600w, https:\/\/domlabs.bio\/wp-content\/uploads\/2025\/05\/chuttersnap-1lg9O5VqYz0-unsplash.jpg 1920w\" sizes=\"(max-width: 800px) 100vw, 800px\" \/>\t\t\t\t\t\t\t\t<\/a>\n\t\t\t\t\t\t\t\t\t\t\t\t\t\t\t<\/div>\n\t\t\t\t<div class=\"elementor-element elementor-element-ca2894e elementor-widget elementor-widget-heading\" data-id=\"ca2894e\" data-element_type=\"widget\" data-e-type=\"widget\" data-widget_type=\"heading.default\">\n\t\t\t\t\t<h3 class=\"elementor-heading-title elementor-size-default\"><a href=\"https:\/\/domlabs.bio\/eng\/full-service-cosmetics\/\">Full service cosmetics<\/a><\/h3>\t\t\t\t<\/div>\n\t\t\t\t<\/div>\n\t\t<div class=\"elementor-element elementor-element-406cdd5 e-con-full e-flex e-con e-child\" data-id=\"406cdd5\" data-element_type=\"container\" data-e-type=\"container\" data-settings=\"{&quot;background_background&quot;:&quot;classic&quot;}\">\n\t\t\t\t<div class=\"elementor-element elementor-element-84050ec elementor-widget elementor-widget-image\" data-id=\"84050ec\" data-element_type=\"widget\" data-e-type=\"widget\" data-widget_type=\"image.default\">\n\t\t\t\t\t\t\t\t\t\t\t\t\t\t\t\t<a href=\"https:\/\/domlabs.bio\/eng\/cosmetics-shaping\/\">\n\t\t\t\t\t\t\t<img loading=\"lazy\" decoding=\"async\" width=\"573\" height=\"1024\" src=\"https:\/\/domlabs.bio\/wp-content\/uploads\/2025\/04\/Masque-conditionnement-Dom-Labs-573x1024.jpg\" class=\"attachment-large size-large wp-image-12055\" alt=\"Cosmetics laboratory\" srcset=\"https:\/\/domlabs.bio\/wp-content\/uploads\/2025\/04\/Masque-conditionnement-Dom-Labs-573x1024.jpg 573w, https:\/\/domlabs.bio\/wp-content\/uploads\/2025\/04\/Masque-conditionnement-Dom-Labs-168x300.jpg 168w, https:\/\/domlabs.bio\/wp-content\/uploads\/2025\/04\/Masque-conditionnement-Dom-Labs-768x1373.jpg 768w, https:\/\/domlabs.bio\/wp-content\/uploads\/2025\/04\/Masque-conditionnement-Dom-Labs-859x1536.jpg 859w, https:\/\/domlabs.bio\/wp-content\/uploads\/2025\/04\/Masque-conditionnement-Dom-Labs-7x12.jpg 7w, https:\/\/domlabs.bio\/wp-content\/uploads\/2025\/04\/Masque-conditionnement-Dom-Labs-600x1073.jpg 600w, https:\/\/domlabs.bio\/wp-content\/uploads\/2025\/04\/Masque-conditionnement-Dom-Labs.jpg 1074w\" sizes=\"(max-width: 573px) 100vw, 573px\" \/>\t\t\t\t\t\t\t\t<\/a>\n\t\t\t\t\t\t\t\t\t\t\t\t\t\t\t<\/div>\n\t\t\t\t<div class=\"elementor-element elementor-element-28eeafd elementor-widget elementor-widget-heading\" data-id=\"28eeafd\" data-element_type=\"widget\" data-e-type=\"widget\" data-widget_type=\"heading.default\">\n\t\t\t\t\t<h3 class=\"elementor-heading-title elementor-size-default\"><a href=\"https:\/\/domlabs.bio\/eng\/cosmetics-shaping\/\">Cosmetics shaping<\/a><\/h3>\t\t\t\t<\/div>\n\t\t\t\t<\/div>\n\t\t\t\t<\/div>\n\t\t\t\t<\/div>\n\t\t\t\t<\/div>\n\t\t\t\t<\/div>\n\t\t\t\t\t<\/div>\n\t\t\t\t<\/div>\n\t\t\t\t<\/div>","protected":false},"excerpt":{"rendered":"<p>Nos services Toutes nos solutions Cosm\u00e9tique marque blanche Cosm\u00e9tique Full service Faconnage cosm\u00e9tique<\/p>","protected":false},"author":104,"featured_media":0,"parent":0,"menu_order":0,"comment_status":"closed","ping_status":"closed","template":"elementor_header_footer","meta":{"_joinchat":[],"footnotes":""},"class_list":["post-13226","page","type-page","status-publish","hentry"],"yoast_head":"<!-- This site is optimized with the Yoast SEO Premium plugin v27.2 (Yoast SEO v27.6) - https:\/\/yoast.com\/product\/yoast-seo-premium-wordpress\/ -->\n<title>Nos services - D\u00d4M LABS<\/title>\n<meta name=\"description\" content=\"D\u00d4M LABS D\u00e9couvrez plus de 400 produits cosm\u00e9tiques et alimentaires Bio fabriqu\u00e9s \u00e0 la main en laboratoire.\" \/>\n<meta name=\"robots\" content=\"index, follow, max-snippet:-1, max-image-preview:large, max-video-preview:-1\" \/>\n<link rel=\"canonical\" href=\"https:\/\/domlabs.bio\/eng\/nos-services\/\" \/>\n<meta property=\"og:locale\" content=\"en_US\" \/>\n<meta property=\"og:type\" content=\"article\" \/>\n<meta property=\"og:title\" content=\"Nos services\" \/>\n<meta property=\"og:description\" content=\"D\u00d4M LABS D\u00e9couvrez plus de 400 produits cosm\u00e9tiques et alimentaires Bio fabriqu\u00e9s \u00e0 la main en laboratoire.\" \/>\n<meta property=\"og:url\" content=\"https:\/\/domlabs.bio\/eng\/nos-services\/\" \/>\n<meta property=\"og:site_name\" content=\"D\u00d4M LABS\" \/>\n<meta property=\"article:publisher\" content=\"https:\/\/www.facebook.com\/domlabslaboratoire\" \/>\n<meta property=\"article:modified_time\" content=\"2025-06-16T21:37:40+00:00\" \/>\n<meta property=\"og:image\" content=\"https:\/\/domlabs.bio\/wp-content\/uploads\/2025\/04\/DomLabs_gb_web6139.jpg\" \/>\n\t<meta property=\"og:image:width\" content=\"1625\" \/>\n\t<meta property=\"og:image:height\" content=\"1321\" \/>\n\t<meta property=\"og:image:type\" content=\"image\/jpeg\" \/>\n<meta name=\"twitter:card\" content=\"summary_large_image\" \/>\n<script type=\"application\/ld+json\" class=\"yoast-schema-graph\">{\"@context\":\"https:\\\/\\\/schema.org\",\"@graph\":[{\"@type\":\"WebPage\",\"@id\":\"https:\\\/\\\/domlabs.bio\\\/nos-services\\\/\",\"url\":\"https:\\\/\\\/domlabs.bio\\\/nos-services\\\/\",\"name\":\"Nos services - D\u00d4M LABS\",\"isPartOf\":{\"@id\":\"https:\\\/\\\/domlabs.bio\\\/#website\"},\"primaryImageOfPage\":{\"@id\":\"https:\\\/\\\/domlabs.bio\\\/nos-services\\\/#primaryimage\"},\"image\":{\"@id\":\"https:\\\/\\\/domlabs.bio\\\/nos-services\\\/#primaryimage\"},\"thumbnailUrl\":\"https:\\\/\\\/domlabs.bio\\\/wp-content\\\/uploads\\\/2025\\\/04\\\/DomLabs_gb_web6139-1024x832.jpg\",\"datePublished\":\"2025-06-13T12:43:32+00:00\",\"dateModified\":\"2025-06-16T21:37:40+00:00\",\"description\":\"D\u00d4M LABS D\u00e9couvrez plus de 400 produits cosm\u00e9tiques et alimentaires Bio fabriqu\u00e9s \u00e0 la main en laboratoire.\",\"breadcrumb\":{\"@id\":\"https:\\\/\\\/domlabs.bio\\\/nos-services\\\/#breadcrumb\"},\"inLanguage\":\"en-US\",\"potentialAction\":[{\"@type\":\"ReadAction\",\"target\":[\"https:\\\/\\\/domlabs.bio\\\/nos-services\\\/\"]}]},{\"@type\":\"ImageObject\",\"inLanguage\":\"en-US\",\"@id\":\"https:\\\/\\\/domlabs.bio\\\/nos-services\\\/#primaryimage\",\"url\":\"https:\\\/\\\/domlabs.bio\\\/wp-content\\\/uploads\\\/2025\\\/04\\\/DomLabs_gb_web6139-1024x832.jpg\",\"contentUrl\":\"https:\\\/\\\/domlabs.bio\\\/wp-content\\\/uploads\\\/2025\\\/04\\\/DomLabs_gb_web6139-1024x832.jpg\"},{\"@type\":\"BreadcrumbList\",\"@id\":\"https:\\\/\\\/domlabs.bio\\\/nos-services\\\/#breadcrumb\",\"itemListElement\":[{\"@type\":\"ListItem\",\"position\":1,\"name\":\"Accueil\",\"item\":\"https:\\\/\\\/domlabs.bio\\\/\"},{\"@type\":\"ListItem\",\"position\":2,\"name\":\"Nos services\"}]},{\"@type\":\"WebSite\",\"@id\":\"https:\\\/\\\/domlabs.bio\\\/#website\",\"url\":\"https:\\\/\\\/domlabs.bio\\\/\",\"name\":\"D\u00d4M LABS\",\"description\":\"Cr\u00e9er votre marque cosm\u00e9tique !\",\"publisher\":{\"@id\":\"https:\\\/\\\/domlabs.bio\\\/#organization\"},\"potentialAction\":[{\"@type\":\"SearchAction\",\"target\":{\"@type\":\"EntryPoint\",\"urlTemplate\":\"https:\\\/\\\/domlabs.bio\\\/?s={search_term_string}\"},\"query-input\":{\"@type\":\"PropertyValueSpecification\",\"valueRequired\":true,\"valueName\":\"search_term_string\"}}],\"inLanguage\":\"en-US\"},{\"@type\":\"Organization\",\"@id\":\"https:\\\/\\\/domlabs.bio\\\/#organization\",\"name\":\"D\u00d4M LABS\",\"url\":\"https:\\\/\\\/domlabs.bio\\\/\",\"logo\":{\"@type\":\"ImageObject\",\"inLanguage\":\"en-US\",\"@id\":\"https:\\\/\\\/domlabs.bio\\\/#\\\/schema\\\/logo\\\/image\\\/\",\"url\":\"https:\\\/\\\/domlabs.bio\\\/wp-content\\\/uploads\\\/2018\\\/12\\\/new-logo-dom.png\",\"contentUrl\":\"https:\\\/\\\/domlabs.bio\\\/wp-content\\\/uploads\\\/2018\\\/12\\\/new-logo-dom.png\",\"width\":826,\"height\":826,\"caption\":\"D\u00d4M LABS\"},\"image\":{\"@id\":\"https:\\\/\\\/domlabs.bio\\\/#\\\/schema\\\/logo\\\/image\\\/\"},\"sameAs\":[\"https:\\\/\\\/www.facebook.com\\\/domlabslaboratoire\",\"https:\\\/\\\/www.instagram.com\\\/dom_labs\\\/\"]}]}<\/script>\n<!-- \/ Yoast SEO Premium plugin. -->","yoast_head_json":{"title":"Nos services - D\u00d4M LABS","description":"D\u00d4M LABS D\u00e9couvrez plus de 400 produits cosm\u00e9tiques et alimentaires Bio fabriqu\u00e9s \u00e0 la main en laboratoire.","robots":{"index":"index","follow":"follow","max-snippet":"max-snippet:-1","max-image-preview":"max-image-preview:large","max-video-preview":"max-video-preview:-1"},"canonical":"https:\/\/domlabs.bio\/eng\/nos-services\/","og_locale":"en_US","og_type":"article","og_title":"Nos services","og_description":"D\u00d4M LABS D\u00e9couvrez plus de 400 produits cosm\u00e9tiques et alimentaires Bio fabriqu\u00e9s \u00e0 la main en laboratoire.","og_url":"https:\/\/domlabs.bio\/eng\/nos-services\/","og_site_name":"D\u00d4M LABS","article_publisher":"https:\/\/www.facebook.com\/domlabslaboratoire","article_modified_time":"2025-06-16T21:37:40+00:00","og_image":[{"width":1625,"height":1321,"url":"https:\/\/domlabs.bio\/wp-content\/uploads\/2025\/04\/DomLabs_gb_web6139.jpg","type":"image\/jpeg"}],"twitter_card":"summary_large_image","schema":{"@context":"https:\/\/schema.org","@graph":[{"@type":"WebPage","@id":"https:\/\/domlabs.bio\/nos-services\/","url":"https:\/\/domlabs.bio\/nos-services\/","name":"Nos services - D\u00d4M LABS","isPartOf":{"@id":"https:\/\/domlabs.bio\/#website"},"primaryImageOfPage":{"@id":"https:\/\/domlabs.bio\/nos-services\/#primaryimage"},"image":{"@id":"https:\/\/domlabs.bio\/nos-services\/#primaryimage"},"thumbnailUrl":"https:\/\/domlabs.bio\/wp-content\/uploads\/2025\/04\/DomLabs_gb_web6139-1024x832.jpg","datePublished":"2025-06-13T12:43:32+00:00","dateModified":"2025-06-16T21:37:40+00:00","description":"D\u00d4M LABS D\u00e9couvrez plus de 400 produits cosm\u00e9tiques et alimentaires Bio fabriqu\u00e9s \u00e0 la main en laboratoire.","breadcrumb":{"@id":"https:\/\/domlabs.bio\/nos-services\/#breadcrumb"},"inLanguage":"en-US","potentialAction":[{"@type":"ReadAction","target":["https:\/\/domlabs.bio\/nos-services\/"]}]},{"@type":"ImageObject","inLanguage":"en-US","@id":"https:\/\/domlabs.bio\/nos-services\/#primaryimage","url":"https:\/\/domlabs.bio\/wp-content\/uploads\/2025\/04\/DomLabs_gb_web6139-1024x832.jpg","contentUrl":"https:\/\/domlabs.bio\/wp-content\/uploads\/2025\/04\/DomLabs_gb_web6139-1024x832.jpg"},{"@type":"BreadcrumbList","@id":"https:\/\/domlabs.bio\/nos-services\/#breadcrumb","itemListElement":[{"@type":"ListItem","position":1,"name":"Accueil","item":"https:\/\/domlabs.bio\/"},{"@type":"ListItem","position":2,"name":"Nos services"}]},{"@type":"WebSite","@id":"https:\/\/domlabs.bio\/#website","url":"https:\/\/domlabs.bio\/","name":"D\u00d4M LABS","description":"Create your cosmetic brand !","publisher":{"@id":"https:\/\/domlabs.bio\/#organization"},"potentialAction":[{"@type":"SearchAction","target":{"@type":"EntryPoint","urlTemplate":"https:\/\/domlabs.bio\/?s={search_term_string}"},"query-input":{"@type":"PropertyValueSpecification","valueRequired":true,"valueName":"search_term_string"}}],"inLanguage":"en-US"},{"@type":"Organization","@id":"https:\/\/domlabs.bio\/#organization","name":"D\u00d4M LABS","url":"https:\/\/domlabs.bio\/","logo":{"@type":"ImageObject","inLanguage":"en-US","@id":"https:\/\/domlabs.bio\/#\/schema\/logo\/image\/","url":"https:\/\/domlabs.bio\/wp-content\/uploads\/2018\/12\/new-logo-dom.png","contentUrl":"https:\/\/domlabs.bio\/wp-content\/uploads\/2018\/12\/new-logo-dom.png","width":826,"height":826,"caption":"D\u00d4M LABS"},"image":{"@id":"https:\/\/domlabs.bio\/#\/schema\/logo\/image\/"},"sameAs":["https:\/\/www.facebook.com\/domlabslaboratoire","https:\/\/www.instagram.com\/dom_labs\/"]}]}},"_links":{"self":[{"href":"https:\/\/domlabs.bio\/eng\/wp-json\/wp\/v2\/pages\/13226","targetHints":{"allow":["GET"]}}],"collection":[{"href":"https:\/\/domlabs.bio\/eng\/wp-json\/wp\/v2\/pages"}],"about":[{"href":"https:\/\/domlabs.bio\/eng\/wp-json\/wp\/v2\/types\/page"}],"author":[{"embeddable":true,"href":"https:\/\/domlabs.bio\/eng\/wp-json\/wp\/v2\/users\/104"}],"replies":[{"embeddable":true,"href":"https:\/\/domlabs.bio\/eng\/wp-json\/wp\/v2\/comments?post=13226"}],"version-history":[{"count":16,"href":"https:\/\/domlabs.bio\/eng\/wp-json\/wp\/v2\/pages\/13226\/revisions"}],"predecessor-version":[{"id":13301,"href":"https:\/\/domlabs.bio\/eng\/wp-json\/wp\/v2\/pages\/13226\/revisions\/13301"}],"wp:attachment":[{"href":"https:\/\/domlabs.bio\/eng\/wp-json\/wp\/v2\/media?parent=13226"}],"curies":[{"name":"wp","href":"https:\/\/api.w.org\/{rel}","templated":true}]}}